{"id":1007,"date":"2021-01-15T12:35:09","date_gmt":"2021-01-15T11:35:09","guid":{"rendered":"http:\/\/intbas.com\/?page_id=1007"},"modified":"2021-07-06T11:41:11","modified_gmt":"2021-07-06T09:41:11","slug":"kontrola-kvalitete","status":"publish","type":"page","link":"https:\/\/intbas.com\/en\/kontrola-kvalitete\/","title":{"rendered":"KONTROLA KVALITETE"},"content":{"rendered":"<div data-elementor-type=\"wp-post\" data-elementor-id=\"1007\" class=\"elementor elementor-1007\">\n\t\t\t\t\t\t<section class=\"elementor-section elementor-top-section elementor-element elementor-element-6a76d2b elementor-section-full_width animated-slow elementor-section-height-default elementor-section-height-default elementor-invisible\" data-id=\"6a76d2b\" data-element_type=\"section\" data-settings=\"{&quot;shape_divider_top&quot;:&quot;clouds&quot;,&quot;animation&quot;:&quot;fadeIn&quot;}\">\n\t\t\t\t\t<div class=\"elementor-shape elementor-shape-top\" aria-hidden=\"true\" data-negative=\"false\">\n\t\t\t<svg xmlns=\"http:\/\/www.w3.org\/2000\/svg\" viewbox=\"0 0 283.5 27.8\" preserveaspectratio=\"xMidYMax slice\">\n  <path class=\"elementor-shape-fill\" d=\"M0 0v6.7c1.9-.8 4.7-1.4 8.5-1 9.5 1.1 11.1 6 11.1 6s2.1-.7 4.3-.2c2.1.5 2.8 2.6 2.8 2.6s.2-.5 1.4-.7c1.2-.2 1.7.2 1.7.2s0-2.1 1.9-2.8c1.9-.7 3.6.7 3.6.7s.7-2.9 3.1-4.1 4.7 0 4.7 0 1.2-.5 2.4 0 1.7 1.4 1.7 1.4h1.4c.7 0 1.2.7 1.2.7s.8-1.8 4-2.2c3.5-.4 5.3 2.4 6.2 4.4.4-.4 1-.7 1.8-.9 2.8-.7 4 .7 4 .7s1.7-5 11.1-6c9.5-1.1 12.3 3.9 12.3 3.9s1.2-4.8 5.7-5.7c4.5-.9 6.8 1.8 6.8 1.8s.6-.6 1.5-.9c.9-.2 1.9-.2 1.9-.2s5.2-6.4 12.6-3.3c7.3 3.1 4.7 9 4.7 9s1.9-.9 4 0 2.8 2.4 2.8 2.4 1.9-1.2 4.5-1.2 4.3 1.2 4.3 1.2.2-1 1.4-1.7 2.1-.7 2.1-.7-.5-3.1 2.1-5.5 5.7-1.4 5.7-1.4 1.5-2.3 4.2-1.1c2.7 1.2 1.7 5.2 1.7 5.2s.3-.1 1.3.5c.5.4.8.8.9 1.1.5-1.4 2.4-5.8 8.4-4 7.1 2.1 3.5 8.9 3.5 8.9s.8-.4 2 0 1.1 1.1 1.1 1.1 1.1-1.1 2.3-1.1 2.1.5 2.1.5 1.9-3.6 6.2-1.2 1.9 6.4 1.9 6.4 2.6-2.4 7.4 0c3.4 1.7 3.9 4.9 3.9 4.9s3.3-6.9 10.4-7.9 11.5 2.6 11.5 2.6.8 0 1.2.2c.4.2.9.9.9.9s4.4-3.1 8.3.2c1.9 1.7 1.5 5 1.5 5s.3-1.1 1.6-1.4c1.3-.3 2.3.2 2.3.2s-.1-1.2.5-1.9 1.9-.9 1.9-.9-4.7-9.3 4.4-13.4c5.6-2.5 9.2.9 9.2.9s5-6.2 15.9-6.2 16.1 8.1 16.1 8.1.7-.2 1.6-.4V0H0z\"\/>\n<\/svg>\n\t\t<\/div>\n\t\t\t\t\t<div class=\"elementor-container elementor-column-gap-wide\">\n\t\t\t\t\t<div class=\"elementor-column elementor-col-100 elementor-top-column elementor-element elementor-element-6a979cf\" data-id=\"6a979cf\" data-element_type=\"column\">\n\t\t\t<div class=\"elementor-widget-wrap elementor-element-populated\">\n\t\t\t\t\t\t<div class=\"elementor-element elementor-element-e5f7eef elementor-widget elementor-widget-text-editor\" data-id=\"e5f7eef\" data-element_type=\"widget\" data-widget_type=\"text-editor.default\">\n\t\t\t\t<div class=\"elementor-widget-container\">\n\t\t\t\t\t\t\t\t\t<h3><span style=\"font-size: 28px; font-weight: 400;\">Strankam ponujamo razli\u010dne re\u0161itve na podro\u010dju 100% kontrole kvalitete izdelkov.<\/span><\/h3>\t\t\t\t\t\t\t\t<\/div>\n\t\t\t\t<\/div>\n\t\t\t\t\t<\/div>\n\t\t<\/div>\n\t\t\t\t\t<\/div>\n\t\t<\/section>\n\t\t\t\t<section class=\"elementor-section elementor-top-section elementor-element elementor-element-7dd245b elementor-section-boxed elementor-section-height-default elementor-section-height-default\" data-id=\"7dd245b\" data-element_type=\"section\">\n\t\t\t\t\t\t<div class=\"elementor-container elementor-column-gap-default\">\n\t\t\t\t\t<div class=\"elementor-column elementor-col-100 elementor-top-column elementor-element elementor-element-1467c4d\" data-id=\"1467c4d\" data-element_type=\"column\">\n\t\t\t<div class=\"elementor-widget-wrap elementor-element-populated\">\n\t\t\t\t\t\t<section class=\"elementor-section elementor-inner-section elementor-element elementor-element-0d597a7 elementor-section-boxed elementor-section-height-default elementor-section-height-default\" data-id=\"0d597a7\" data-element_type=\"section\">\n\t\t\t\t\t\t<div class=\"elementor-container elementor-column-gap-default\">\n\t\t\t\t\t<div class=\"elementor-column elementor-col-50 elementor-inner-column elementor-element elementor-element-08c0a2d\" data-id=\"08c0a2d\" data-element_type=\"column\">\n\t\t\t<div class=\"elementor-widget-wrap elementor-element-populated\">\n\t\t\t\t\t\t<div class=\"elementor-element elementor-element-7749df6 elementor-widget elementor-widget-image\" data-id=\"7749df6\" data-element_type=\"widget\" data-widget_type=\"image.default\">\n\t\t\t\t<div class=\"elementor-widget-container\">\n\t\t\t\t\t\t\t\t\t\t\t\t\t\t\t\t<a href=\"http:\/\/intbas.com\/en\/quality%20control\/\">\n\t\t\t\t\t\t\t<img fetchpriority=\"high\" decoding=\"async\" width=\"1024\" height=\"643\" src=\"https:\/\/intbas.com\/wp-content\/uploads\/2019\/06\/station05_seeding-1024x643.png\" class=\"elementor-animation-shrink attachment-large size-large wp-image-473\" alt=\"\" srcset=\"https:\/\/intbas.com\/wp-content\/uploads\/2019\/06\/station05_seeding-200x126.png 200w, https:\/\/intbas.com\/wp-content\/uploads\/2019\/06\/station05_seeding-300x188.png 300w, https:\/\/intbas.com\/wp-content\/uploads\/2019\/06\/station05_seeding-320x202.png 320w, https:\/\/intbas.com\/wp-content\/uploads\/2019\/06\/station05_seeding-400x251.png 400w, https:\/\/intbas.com\/wp-content\/uploads\/2019\/06\/station05_seeding-600x377.png 600w, https:\/\/intbas.com\/wp-content\/uploads\/2019\/06\/station05_seeding-700x441.png 700w, https:\/\/intbas.com\/wp-content\/uploads\/2019\/06\/station05_seeding-768x482.png 768w, https:\/\/intbas.com\/wp-content\/uploads\/2019\/06\/station05_seeding-800x502.png 800w, https:\/\/intbas.com\/wp-content\/uploads\/2019\/06\/station05_seeding-1024x643.png 1024w, https:\/\/intbas.com\/wp-content\/uploads\/2019\/06\/station05_seeding.png 1144w\" sizes=\"(max-width: 1024px) 100vw, 1024px\" \/>\t\t\t\t\t\t\t\t<\/a>\n\t\t\t\t\t\t\t\t\t\t\t\t\t\t\t<\/div>\n\t\t\t\t<\/div>\n\t\t\t\t<div class=\"elementor-element elementor-element-31f7840 elementor-widget elementor-widget-heading\" data-id=\"31f7840\" data-element_type=\"widget\" data-widget_type=\"heading.default\">\n\t\t\t\t<div class=\"elementor-widget-container\">\n\t\t\t\t\t<h3 class=\"elementor-heading-title elementor-size-default\">Kontrola kvalitete<\/h3>\t\t\t\t<\/div>\n\t\t\t\t<\/div>\n\t\t\t\t<div class=\"elementor-element elementor-element-5daa196 elementor-widget elementor-widget-image\" data-id=\"5daa196\" data-element_type=\"widget\" data-widget_type=\"image.default\">\n\t\t\t\t<div class=\"elementor-widget-container\">\n\t\t\t\t\t\t\t\t\t\t\t\t\t\t\t\t<a href=\"http:\/\/intbas.com\/en\/monitoring\/\">\n\t\t\t\t\t\t\t<img decoding=\"async\" width=\"1024\" height=\"571\" src=\"https:\/\/intbas.com\/wp-content\/uploads\/2021\/07\/monit1.png\" class=\"elementor-animation-shrink attachment-large size-large wp-image-4067\" alt=\"\" srcset=\"https:\/\/intbas.com\/wp-content\/uploads\/2021\/07\/monit1-200x112.png 200w, https:\/\/intbas.com\/wp-content\/uploads\/2021\/07\/monit1-300x167.png 300w, https:\/\/intbas.com\/wp-content\/uploads\/2021\/07\/monit1-400x223.png 400w, https:\/\/intbas.com\/wp-content\/uploads\/2021\/07\/monit1-600x335.png 600w, https:\/\/intbas.com\/wp-content\/uploads\/2021\/07\/monit1-768x428.png 768w, https:\/\/intbas.com\/wp-content\/uploads\/2021\/07\/monit1-800x446.png 800w, https:\/\/intbas.com\/wp-content\/uploads\/2021\/07\/monit1.png 1024w\" sizes=\"(max-width: 1024px) 100vw, 1024px\" \/>\t\t\t\t\t\t\t\t<\/a>\n\t\t\t\t\t\t\t\t\t\t\t\t\t\t\t<\/div>\n\t\t\t\t<\/div>\n\t\t\t\t<div class=\"elementor-element elementor-element-66195da elementor-widget elementor-widget-heading\" data-id=\"66195da\" data-element_type=\"widget\" data-widget_type=\"heading.default\">\n\t\t\t\t<div class=\"elementor-widget-container\">\n\t\t\t\t\t<h3 class=\"elementor-heading-title elementor-size-default\">Monitoring +<\/h3>\t\t\t\t<\/div>\n\t\t\t\t<\/div>\n\t\t\t\t\t<\/div>\n\t\t<\/div>\n\t\t\t\t<div class=\"elementor-column elementor-col-50 elementor-inner-column elementor-element elementor-element-da1b979\" data-id=\"da1b979\" data-element_type=\"column\">\n\t\t\t<div class=\"elementor-widget-wrap elementor-element-populated\">\n\t\t\t\t\t\t<div class=\"elementor-element elementor-element-95a36b8 elementor-widget elementor-widget-image\" data-id=\"95a36b8\" data-element_type=\"widget\" data-widget_type=\"image.default\">\n\t\t\t\t<div class=\"elementor-widget-container\">\n\t\t\t\t\t\t\t\t\t\t\t\t\t\t\t\t<a href=\"http:\/\/intbas.com\/en\/intspector2\/\">\n\t\t\t\t\t\t\t<img decoding=\"async\" width=\"800\" height=\"500\" src=\"https:\/\/intbas.com\/wp-content\/uploads\/2018\/09\/intspector-for-webpage3.png\" class=\"elementor-animation-shrink attachment-full size-full wp-image-129\" alt=\"\" srcset=\"https:\/\/intbas.com\/wp-content\/uploads\/2018\/09\/intspector-for-webpage3-200x125.png 200w, https:\/\/intbas.com\/wp-content\/uploads\/2018\/09\/intspector-for-webpage3-300x188.png 300w, https:\/\/intbas.com\/wp-content\/uploads\/2018\/09\/intspector-for-webpage3-400x250.png 400w, https:\/\/intbas.com\/wp-content\/uploads\/2018\/09\/intspector-for-webpage3-600x375.png 600w, https:\/\/intbas.com\/wp-content\/uploads\/2018\/09\/intspector-for-webpage3-768x480.png 768w, https:\/\/intbas.com\/wp-content\/uploads\/2018\/09\/intspector-for-webpage3.png 800w\" sizes=\"(max-width: 800px) 100vw, 800px\" \/>\t\t\t\t\t\t\t\t<\/a>\n\t\t\t\t\t\t\t\t\t\t\t\t\t\t\t<\/div>\n\t\t\t\t<\/div>\n\t\t\t\t<div class=\"elementor-element elementor-element-aca3e9b elementor-widget elementor-widget-heading\" data-id=\"aca3e9b\" data-element_type=\"widget\" data-widget_type=\"heading.default\">\n\t\t\t\t<div class=\"elementor-widget-container\">\n\t\t\t\t\t<h3 class=\"elementor-heading-title elementor-size-default\">IntSpector<\/h3>\t\t\t\t<\/div>\n\t\t\t\t<\/div>\n\t\t\t\t\t<\/div>\n\t\t<\/div>\n\t\t\t\t\t<\/div>\n\t\t<\/section>\n\t\t\t\t\t<\/div>\n\t\t<\/div>\n\t\t\t\t\t<\/div>\n\t\t<\/section>\n\t\t\t\t<\/div>","protected":false},"excerpt":{"rendered":"<p>Strankam ponujamo razli\u010dne re\u0161itve na podro\u010dju 100% kontrole kvalitete izdelkov. [&hellip;]<\/p>","protected":false},"author":1,"featured_media":0,"parent":0,"menu_order":0,"comment_status":"closed","ping_status":"closed","template":"","meta":{"footnotes":""},"class_list":["post-1007","page","type-page","status-publish","hentry"],"yoast_head":"<!-- This site is optimized with the Yoast SEO plugin v26.7 - https:\/\/yoast.com\/wordpress\/plugins\/seo\/ -->\n<title>KONTROLA KVALITETE - IntBas<\/title>\n<meta name=\"robots\" content=\"index, follow, max-snippet:-1, max-image-preview:large, max-video-preview:-1\" \/>\n<link rel=\"canonical\" href=\"https:\/\/intbas.com\/en\/kontrola-kvalitete\/\" \/>\n<meta property=\"og:locale\" content=\"en_GB\" \/>\n<meta property=\"og:type\" content=\"article\" \/>\n<meta property=\"og:title\" content=\"KONTROLA KVALITETE - IntBas\" \/>\n<meta property=\"og:description\" content=\"Strankam ponujamo razli\u010dne re\u0161itve na podro\u010dju 100% kontrole kvalitete izdelkov. [&hellip;]\" \/>\n<meta property=\"og:url\" content=\"https:\/\/intbas.com\/en\/kontrola-kvalitete\/\" \/>\n<meta property=\"og:site_name\" content=\"IntBas\" \/>\n<meta property=\"article:modified_time\" content=\"2021-07-06T09:41:11+00:00\" \/>\n<meta property=\"og:image\" content=\"http:\/\/intbas.com\/wp-content\/uploads\/2019\/06\/station05_seeding-1024x643.png\" \/>\n<meta name=\"twitter:card\" content=\"summary_large_image\" \/>\n<script type=\"application\/ld+json\" class=\"yoast-schema-graph\">{\"@context\":\"https:\/\/schema.org\",\"@graph\":[{\"@type\":\"WebPage\",\"@id\":\"https:\/\/intbas.com\/kontrola-kvalitete\/\",\"url\":\"https:\/\/intbas.com\/kontrola-kvalitete\/\",\"name\":\"KONTROLA KVALITETE - IntBas\",\"isPartOf\":{\"@id\":\"https:\/\/intbas.com\/#website\"},\"primaryImageOfPage\":{\"@id\":\"https:\/\/intbas.com\/kontrola-kvalitete\/#primaryimage\"},\"image\":{\"@id\":\"https:\/\/intbas.com\/kontrola-kvalitete\/#primaryimage\"},\"thumbnailUrl\":\"http:\/\/intbas.com\/wp-content\/uploads\/2019\/06\/station05_seeding-1024x643.png\",\"datePublished\":\"2021-01-15T11:35:09+00:00\",\"dateModified\":\"2021-07-06T09:41:11+00:00\",\"breadcrumb\":{\"@id\":\"https:\/\/intbas.com\/kontrola-kvalitete\/#breadcrumb\"},\"inLanguage\":\"sl-SI\",\"potentialAction\":[{\"@type\":\"ReadAction\",\"target\":[\"https:\/\/intbas.com\/kontrola-kvalitete\/\"]}]},{\"@type\":\"ImageObject\",\"inLanguage\":\"sl-SI\",\"@id\":\"https:\/\/intbas.com\/kontrola-kvalitete\/#primaryimage\",\"url\":\"http:\/\/intbas.com\/wp-content\/uploads\/2019\/06\/station05_seeding-1024x643.png\",\"contentUrl\":\"http:\/\/intbas.com\/wp-content\/uploads\/2019\/06\/station05_seeding-1024x643.png\"},{\"@type\":\"BreadcrumbList\",\"@id\":\"https:\/\/intbas.com\/kontrola-kvalitete\/#breadcrumb\",\"itemListElement\":[{\"@type\":\"ListItem\",\"position\":1,\"name\":\"Home\",\"item\":\"https:\/\/intbas.com\/?lang=en\"},{\"@type\":\"ListItem\",\"position\":2,\"name\":\"KONTROLA KVALITETE\"}]},{\"@type\":\"WebSite\",\"@id\":\"https:\/\/intbas.com\/#website\",\"url\":\"https:\/\/intbas.com\/\",\"name\":\"IntBas\",\"description\":\"Intelligence Based Systems\",\"potentialAction\":[{\"@type\":\"SearchAction\",\"target\":{\"@type\":\"EntryPoint\",\"urlTemplate\":\"https:\/\/intbas.com\/?s={search_term_string}\"},\"query-input\":{\"@type\":\"PropertyValueSpecification\",\"valueRequired\":true,\"valueName\":\"search_term_string\"}}],\"inLanguage\":\"sl-SI\"}]}<\/script>\n<!-- \/ Yoast SEO plugin. -->","yoast_head_json":{"title":"KONTROLA KVALITETE - IntBas","robots":{"index":"index","follow":"follow","max-snippet":"max-snippet:-1","max-image-preview":"max-image-preview:large","max-video-preview":"max-video-preview:-1"},"canonical":"https:\/\/intbas.com\/en\/kontrola-kvalitete\/","og_locale":"en_GB","og_type":"article","og_title":"KONTROLA KVALITETE - IntBas","og_description":"Strankam ponujamo razli\u010dne re\u0161itve na podro\u010dju 100% kontrole kvalitete izdelkov. [&hellip;]","og_url":"https:\/\/intbas.com\/en\/kontrola-kvalitete\/","og_site_name":"IntBas","article_modified_time":"2021-07-06T09:41:11+00:00","og_image":[{"url":"http:\/\/intbas.com\/wp-content\/uploads\/2019\/06\/station05_seeding-1024x643.png","type":"","width":"","height":""}],"twitter_card":"summary_large_image","schema":{"@context":"https:\/\/schema.org","@graph":[{"@type":"WebPage","@id":"https:\/\/intbas.com\/kontrola-kvalitete\/","url":"https:\/\/intbas.com\/kontrola-kvalitete\/","name":"KONTROLA KVALITETE - IntBas","isPartOf":{"@id":"https:\/\/intbas.com\/#website"},"primaryImageOfPage":{"@id":"https:\/\/intbas.com\/kontrola-kvalitete\/#primaryimage"},"image":{"@id":"https:\/\/intbas.com\/kontrola-kvalitete\/#primaryimage"},"thumbnailUrl":"http:\/\/intbas.com\/wp-content\/uploads\/2019\/06\/station05_seeding-1024x643.png","datePublished":"2021-01-15T11:35:09+00:00","dateModified":"2021-07-06T09:41:11+00:00","breadcrumb":{"@id":"https:\/\/intbas.com\/kontrola-kvalitete\/#breadcrumb"},"inLanguage":"sl-SI","potentialAction":[{"@type":"ReadAction","target":["https:\/\/intbas.com\/kontrola-kvalitete\/"]}]},{"@type":"ImageObject","inLanguage":"sl-SI","@id":"https:\/\/intbas.com\/kontrola-kvalitete\/#primaryimage","url":"http:\/\/intbas.com\/wp-content\/uploads\/2019\/06\/station05_seeding-1024x643.png","contentUrl":"http:\/\/intbas.com\/wp-content\/uploads\/2019\/06\/station05_seeding-1024x643.png"},{"@type":"BreadcrumbList","@id":"https:\/\/intbas.com\/kontrola-kvalitete\/#breadcrumb","itemListElement":[{"@type":"ListItem","position":1,"name":"Home","item":"https:\/\/intbas.com\/?lang=en"},{"@type":"ListItem","position":2,"name":"KONTROLA KVALITETE"}]},{"@type":"WebSite","@id":"https:\/\/intbas.com\/#website","url":"https:\/\/intbas.com\/","name":"IntBas","description":"Intelligence Based Systems","potentialAction":[{"@type":"SearchAction","target":{"@type":"EntryPoint","urlTemplate":"https:\/\/intbas.com\/?s={search_term_string}"},"query-input":{"@type":"PropertyValueSpecification","valueRequired":true,"valueName":"search_term_string"}}],"inLanguage":"sl-SI"}]}},"_links":{"self":[{"href":"https:\/\/intbas.com\/en\/wp-json\/wp\/v2\/pages\/1007","targetHints":{"allow":["GET"]}}],"collection":[{"href":"https:\/\/intbas.com\/en\/wp-json\/wp\/v2\/pages"}],"about":[{"href":"https:\/\/intbas.com\/en\/wp-json\/wp\/v2\/types\/page"}],"author":[{"embeddable":true,"href":"https:\/\/intbas.com\/en\/wp-json\/wp\/v2\/users\/1"}],"replies":[{"embeddable":true,"href":"https:\/\/intbas.com\/en\/wp-json\/wp\/v2\/comments?post=1007"}],"version-history":[{"count":218,"href":"https:\/\/intbas.com\/en\/wp-json\/wp\/v2\/pages\/1007\/revisions"}],"predecessor-version":[{"id":4124,"href":"https:\/\/intbas.com\/en\/wp-json\/wp\/v2\/pages\/1007\/revisions\/4124"}],"wp:attachment":[{"href":"https:\/\/intbas.com\/en\/wp-json\/wp\/v2\/media?parent=1007"}],"curies":[{"name":"wp","href":"https:\/\/api.w.org\/{rel}","templated":true}]}}