{"id":316,"date":"2019-05-28T22:33:01","date_gmt":"2019-05-28T20:33:01","guid":{"rendered":"http:\/\/intbas.com\/?page_id=316"},"modified":"2021-01-15T16:00:13","modified_gmt":"2021-01-15T15:00:13","slug":"mobil-robots","status":"publish","type":"page","link":"https:\/\/intbas.com\/en\/mobil-robots\/","title":{"rendered":"Mobilni roboti"},"content":{"rendered":"<div data-elementor-type=\"wp-post\" data-elementor-id=\"316\" class=\"elementor elementor-316\">\n\t\t\t\t\t\t<section class=\"elementor-section elementor-top-section elementor-element elementor-element-25b98ce9 elementor-section-boxed elementor-section-height-default elementor-section-height-default\" data-id=\"25b98ce9\" data-element_type=\"section\">\n\t\t\t\t\t\t<div class=\"elementor-container elementor-column-gap-default\">\n\t\t\t\t\t<div class=\"elementor-column elementor-col-100 elementor-top-column elementor-element elementor-element-6b48cada\" data-id=\"6b48cada\" data-element_type=\"column\">\n\t\t\t<div class=\"elementor-widget-wrap elementor-element-populated\">\n\t\t\t\t\t\t<div class=\"elementor-element elementor-element-4d9c3880 elementor-widget elementor-widget-heading\" data-id=\"4d9c3880\" data-element_type=\"widget\" data-widget_type=\"heading.default\">\n\t\t\t\t<div class=\"elementor-widget-container\">\n\t\t\t\t\t<h2 class=\"elementor-heading-title elementor-size-default\">Mobilna robotska platforma - lasten razvoj<\/h2>\t\t\t\t<\/div>\n\t\t\t\t<\/div>\n\t\t\t\t\t<\/div>\n\t\t<\/div>\n\t\t\t\t\t<\/div>\n\t\t<\/section>\n\t\t\t\t<section class=\"elementor-section elementor-top-section elementor-element elementor-element-4bce39b5 elementor-section-boxed elementor-section-height-default elementor-section-height-default\" data-id=\"4bce39b5\" data-element_type=\"section\">\n\t\t\t\t\t\t<div class=\"elementor-container elementor-column-gap-default\">\n\t\t\t\t\t<div class=\"elementor-column elementor-col-100 elementor-top-column elementor-element elementor-element-28ed1c40\" data-id=\"28ed1c40\" data-element_type=\"column\">\n\t\t\t<div class=\"elementor-widget-wrap elementor-element-populated\">\n\t\t\t\t\t\t<div class=\"elementor-element elementor-element-48689f14 elementor-widget elementor-widget-text-editor\" data-id=\"48689f14\" data-element_type=\"widget\" data-widget_type=\"text-editor.default\">\n\t\t\t\t<div class=\"elementor-widget-container\">\n\t\t\t\t\t\t\t\t\t<p>Ko se sre\u010damo s potrebo po za\u010dasni postaviti robota na dolo\u010denem mestu, so idealne mobilne re\u0161itve kolaborativnih robotov.<\/p>\t\t\t\t\t\t\t\t<\/div>\n\t\t\t\t<\/div>\n\t\t\t\t\t<\/div>\n\t\t<\/div>\n\t\t\t\t\t<\/div>\n\t\t<\/section>\n\t\t\t\t<section class=\"elementor-section elementor-top-section elementor-element elementor-element-1802dc76 elementor-section-boxed elementor-section-height-default elementor-section-height-default\" data-id=\"1802dc76\" data-element_type=\"section\">\n\t\t\t\t\t\t<div class=\"elementor-container elementor-column-gap-default\">\n\t\t\t\t\t<div class=\"elementor-column elementor-col-100 elementor-top-column elementor-element elementor-element-7f773e0c\" data-id=\"7f773e0c\" data-element_type=\"column\">\n\t\t\t<div class=\"elementor-widget-wrap elementor-element-populated\">\n\t\t\t\t\t\t<div class=\"elementor-element elementor-element-7b806249 elementor-icon-list--layout-traditional elementor-list-item-link-full_width elementor-widget elementor-widget-icon-list\" data-id=\"7b806249\" data-element_type=\"widget\" data-widget_type=\"icon-list.default\">\n\t\t\t\t<div class=\"elementor-widget-container\">\n\t\t\t\t\t\t\t<ul class=\"elementor-icon-list-items\">\n\t\t\t\t\t\t\t<li class=\"elementor-icon-list-item\">\n\t\t\t\t\t\t\t\t\t\t\t<span class=\"elementor-icon-list-icon\">\n\t\t\t\t\t\t\t<i aria-hidden=\"true\" class=\"fas fa-quote-left\"><\/i>\t\t\t\t\t\t<\/span>\n\t\t\t\t\t\t\t\t\t\t<span class=\"elementor-icon-list-text\">Danes tu jutri tam !<\/span>\n\t\t\t\t\t\t\t\t\t<\/li>\n\t\t\t\t\t\t<\/ul>\n\t\t\t\t\t\t<\/div>\n\t\t\t\t<\/div>\n\t\t\t\t\t<\/div>\n\t\t<\/div>\n\t\t\t\t\t<\/div>\n\t\t<\/section>\n\t\t\t\t<section class=\"elementor-section elementor-top-section elementor-element elementor-element-231ab5c5 elementor-section-boxed elementor-section-height-default elementor-section-height-default\" data-id=\"231ab5c5\" data-element_type=\"section\">\n\t\t\t\t\t\t<div class=\"elementor-container elementor-column-gap-default\">\n\t\t\t\t\t<div class=\"elementor-column elementor-col-100 elementor-top-column elementor-element elementor-element-6d334ce7\" data-id=\"6d334ce7\" data-element_type=\"column\">\n\t\t\t<div class=\"elementor-widget-wrap elementor-element-populated\">\n\t\t\t\t\t\t<div class=\"elementor-element elementor-element-47362f97 elementor-widget elementor-widget-image\" data-id=\"47362f97\" data-element_type=\"widget\" data-widget_type=\"image.default\">\n\t\t\t\t<div class=\"elementor-widget-container\">\n\t\t\t\t\t\t\t\t\t\t\t\t\t\t\t<img fetchpriority=\"high\" decoding=\"async\" width=\"501\" height=\"544\" src=\"https:\/\/intbas.com\/wp-content\/uploads\/2019\/05\/intspector-placeholder.jpg\" class=\"attachment-large size-large wp-image-365\" alt=\"\" srcset=\"https:\/\/intbas.com\/wp-content\/uploads\/2019\/05\/intspector-placeholder-200x217.jpg 200w, https:\/\/intbas.com\/wp-content\/uploads\/2019\/05\/intspector-placeholder-276x300.jpg 276w, https:\/\/intbas.com\/wp-content\/uploads\/2019\/05\/intspector-placeholder-400x434.jpg 400w, https:\/\/intbas.com\/wp-content\/uploads\/2019\/05\/intspector-placeholder.jpg 501w\" sizes=\"(max-width: 501px) 100vw, 501px\" \/>\t\t\t\t\t\t\t\t\t\t\t\t\t\t\t<\/div>\n\t\t\t\t<\/div>\n\t\t\t\t\t<\/div>\n\t\t<\/div>\n\t\t\t\t\t<\/div>\n\t\t<\/section>\n\t\t\t\t<section class=\"elementor-section elementor-top-section elementor-element elementor-element-acca8e5 elementor-section-boxed elementor-section-height-default elementor-section-height-default\" data-id=\"acca8e5\" data-element_type=\"section\">\n\t\t\t\t\t\t<div class=\"elementor-container elementor-column-gap-default\">\n\t\t\t\t\t<div class=\"elementor-column elementor-col-100 elementor-top-column elementor-element elementor-element-6b8ca7a\" data-id=\"6b8ca7a\" data-element_type=\"column\">\n\t\t\t<div class=\"elementor-widget-wrap elementor-element-populated\">\n\t\t\t\t\t\t<div class=\"elementor-element elementor-element-1e162ac elementor-widget-divider--view-line elementor-widget elementor-widget-divider\" data-id=\"1e162ac\" data-element_type=\"widget\" data-widget_type=\"divider.default\">\n\t\t\t\t<div class=\"elementor-widget-container\">\n\t\t\t\t\t\t\t<div class=\"elementor-divider\">\n\t\t\t<span class=\"elementor-divider-separator\">\n\t\t\t\t\t\t<\/span>\n\t\t<\/div>\n\t\t\t\t\t\t<\/div>\n\t\t\t\t<\/div>\n\t\t\t\t<div class=\"elementor-element elementor-element-518099f elementor-widget elementor-widget-heading\" data-id=\"518099f\" data-element_type=\"widget\" data-widget_type=\"heading.default\">\n\t\t\t\t<div class=\"elementor-widget-container\">\n\t\t\t\t\t<h1 class=\"elementor-heading-title elementor-size-default\">Zmogljivost:<\/h1>\t\t\t\t<\/div>\n\t\t\t\t<\/div>\n\t\t\t\t<div class=\"elementor-element elementor-element-58e999b elementor-widget elementor-widget-text-editor\" data-id=\"58e999b\" data-element_type=\"widget\" data-widget_type=\"text-editor.default\">\n\t\t\t\t<div class=\"elementor-widget-container\">\n\t\t\t\t\t\t\t\t\t<ul><li><p><em><strong>Poslu\u017eevanje strojev<\/strong><\/em><\/p><\/li><li><p><em><strong>Prelaganje<\/strong><\/em> in <strong>sortiranje<\/strong> izdelkov<\/p><\/li><li><p>Izvajanje <em><strong>kontrole kakovosti<\/strong><\/em><\/p><\/li><\/ul>\t\t\t\t\t\t\t\t<\/div>\n\t\t\t\t<\/div>\n\t\t\t\t\t<\/div>\n\t\t<\/div>\n\t\t\t\t\t<\/div>\n\t\t<\/section>\n\t\t\t\t<section class=\"elementor-section elementor-top-section elementor-element elementor-element-6af2aa34 elementor-section-boxed elementor-section-height-default elementor-section-height-default\" data-id=\"6af2aa34\" data-element_type=\"section\">\n\t\t\t\t\t\t<div class=\"elementor-container elementor-column-gap-default\">\n\t\t\t\t\t<div class=\"elementor-column elementor-col-100 elementor-top-column elementor-element elementor-element-6a873fdd\" data-id=\"6a873fdd\" data-element_type=\"column\">\n\t\t\t<div class=\"elementor-widget-wrap elementor-element-populated\">\n\t\t\t\t\t\t<div class=\"elementor-element elementor-element-5d2b98a elementor-widget-divider--view-line elementor-widget elementor-widget-divider\" data-id=\"5d2b98a\" data-element_type=\"widget\" data-widget_type=\"divider.default\">\n\t\t\t\t<div class=\"elementor-widget-container\">\n\t\t\t\t\t\t\t<div class=\"elementor-divider\">\n\t\t\t<span class=\"elementor-divider-separator\">\n\t\t\t\t\t\t<\/span>\n\t\t<\/div>\n\t\t\t\t\t\t<\/div>\n\t\t\t\t<\/div>\n\t\t\t\t<div class=\"elementor-element elementor-element-6484836d elementor-widget elementor-widget-heading\" data-id=\"6484836d\" data-element_type=\"widget\" data-widget_type=\"heading.default\">\n\t\t\t\t<div class=\"elementor-widget-container\">\n\t\t\t\t\t<h1 class=\"elementor-heading-title elementor-size-default\">Prednosti:<\/h1>\t\t\t\t<\/div>\n\t\t\t\t<\/div>\n\t\t\t\t<div class=\"elementor-element elementor-element-1cd8e010 elementor-widget elementor-widget-text-editor\" data-id=\"1cd8e010\" data-element_type=\"widget\" data-widget_type=\"text-editor.default\">\n\t\t\t\t<div class=\"elementor-widget-container\">\n\t\t\t\t\t\t\t\t\t<ul><li><p><em><strong>Prilagodljivost<\/strong><\/em><\/p><\/li><li><p><em><strong>Mobilnost<\/strong><\/em><\/p><\/li><li><p>Lahko <em><strong>dela ob \u010dloveku<\/strong><\/em><\/p><\/li><li><p>Uporaben na <em><strong>razli\u010dnih<\/strong><\/em> linijah in delovnih mestih<\/p><\/li><li><p><em><strong>Statistike<\/strong><\/em> in <strong><em>generiranje poro\u010dil<\/em><\/strong><\/p><\/li><li><p>Povezljivost <strong><em>Industry 4.0<\/em><\/strong><\/p><\/li><\/ul>\t\t\t\t\t\t\t\t<\/div>\n\t\t\t\t<\/div>\n\t\t\t\t<div class=\"elementor-element elementor-element-1501bfd0 elementor-widget-divider--view-line elementor-widget elementor-widget-divider\" data-id=\"1501bfd0\" data-element_type=\"widget\" data-widget_type=\"divider.default\">\n\t\t\t\t<div class=\"elementor-widget-container\">\n\t\t\t\t\t\t\t<div class=\"elementor-divider\">\n\t\t\t<span class=\"elementor-divider-separator\">\n\t\t\t\t\t\t<\/span>\n\t\t<\/div>\n\t\t\t\t\t\t<\/div>\n\t\t\t\t<\/div>\n\t\t\t\t\t<\/div>\n\t\t<\/div>\n\t\t\t\t\t<\/div>\n\t\t<\/section>\n\t\t\t\t<section class=\"elementor-section elementor-top-section elementor-element elementor-element-0706508 elementor-section-boxed elementor-section-height-default elementor-section-height-default\" data-id=\"0706508\" data-element_type=\"section\">\n\t\t\t\t\t\t<div class=\"elementor-container elementor-column-gap-default\">\n\t\t\t\t\t<div class=\"elementor-column elementor-col-100 elementor-top-column elementor-element elementor-element-4940406\" data-id=\"4940406\" data-element_type=\"column\">\n\t\t\t<div class=\"elementor-widget-wrap elementor-element-populated\">\n\t\t\t\t\t\t<div class=\"elementor-element elementor-element-4656f61 elementor-view-framed elementor-shape-circle elementor-position-block-start elementor-mobile-position-block-start elementor-widget elementor-widget-icon-box\" data-id=\"4656f61\" data-element_type=\"widget\" data-widget_type=\"icon-box.default\">\n\t\t\t\t<div class=\"elementor-widget-container\">\n\t\t\t\t\t\t\t<div class=\"elementor-icon-box-wrapper\">\n\n\t\t\t\t\t\t<div class=\"elementor-icon-box-icon\">\n\t\t\t\t<a href=\"http:\/\/intbas.com\/en\/intspector\/#\/\" class=\"elementor-icon\" tabindex=\"-1\" aria-label=\"INTSPECTOR-Mobilna robotska platforma za kontrolo kvalitete izdelkov\">\n\t\t\t\t<i aria-hidden=\"true\" class=\"fas fa-link\"><\/i>\t\t\t\t<\/a>\n\t\t\t<\/div>\n\t\t\t\n\t\t\t\t\t\t<div class=\"elementor-icon-box-content\">\n\n\t\t\t\t\t\t\t\t\t<h3 class=\"elementor-icon-box-title\">\n\t\t\t\t\t\t<a href=\"http:\/\/intbas.com\/en\/intspector\/#\/\" >\n\t\t\t\t\t\t\tINTSPECTOR-Mobilna robotska platforma za kontrolo kvalitete izdelkov\t\t\t\t\t\t<\/a>\n\t\t\t\t\t<\/h3>\n\t\t\t\t\n\t\t\t\t\n\t\t\t<\/div>\n\t\t\t\n\t\t<\/div>\n\t\t\t\t\t\t<\/div>\n\t\t\t\t<\/div>\n\t\t\t\t\t<\/div>\n\t\t<\/div>\n\t\t\t\t\t<\/div>\n\t\t<\/section>\n\t\t\t\t<section class=\"elementor-section elementor-top-section elementor-element elementor-element-1d8377e8 elementor-section-boxed elementor-section-height-default elementor-section-height-default\" data-id=\"1d8377e8\" data-element_type=\"section\">\n\t\t\t\t\t\t<div class=\"elementor-container elementor-column-gap-default\">\n\t\t\t\t\t<div class=\"elementor-column elementor-col-100 elementor-top-column elementor-element elementor-element-5397010\" data-id=\"5397010\" data-element_type=\"column\">\n\t\t\t<div class=\"elementor-widget-wrap elementor-element-populated\">\n\t\t\t\t\t\t<div class=\"elementor-element elementor-element-4cd94cf6 elementor-widget elementor-widget-heading\" data-id=\"4cd94cf6\" data-element_type=\"widget\" data-widget_type=\"heading.default\">\n\t\t\t\t<div class=\"elementor-widget-container\">\n\t\t\t\t\t<h2 class=\"elementor-heading-title elementor-size-default\">Mo\u017enost NAJEMA robota !<\/h2>\t\t\t\t<\/div>\n\t\t\t\t<\/div>\n\t\t\t\t\t<\/div>\n\t\t<\/div>\n\t\t\t\t\t<\/div>\n\t\t<\/section>\n\t\t\t\t<section class=\"elementor-section elementor-top-section elementor-element elementor-element-72dadafc elementor-section-boxed elementor-section-height-default elementor-section-height-default\" data-id=\"72dadafc\" data-element_type=\"section\">\n\t\t\t\t\t\t<div class=\"elementor-container elementor-column-gap-default\">\n\t\t\t\t\t<div class=\"elementor-column elementor-col-100 elementor-top-column elementor-element elementor-element-6554cca5\" data-id=\"6554cca5\" data-element_type=\"column\">\n\t\t\t<div class=\"elementor-widget-wrap elementor-element-populated\">\n\t\t\t\t\t\t<div class=\"elementor-element elementor-element-1c960349 elementor-widget elementor-widget-text-editor\" data-id=\"1c960349\" data-element_type=\"widget\" data-widget_type=\"text-editor.default\">\n\t\t\t\t<div class=\"elementor-widget-container\">\n\t\t\t\t\t\t\t\t\t<p>Mobilnega robota nudimo strankam tudi v obliki mese\u010dnega najema.<\/p>\n<ul>\n<li>Dolo\u010dimo delano mesto robota<\/li>\n<li>Izdelamo primerno <em><strong>prijemalo<\/strong><\/em><\/li>\n<li>Izvedemo<em><strong> zagon robot<\/strong><\/em>a pri naro\u010dniku<\/li>\n<li>Izvedemo kratko<em><strong> \u0161olanje<\/strong><\/em><\/li>\n<li>Naro\u010dnik pla\u010duje <em><strong>m<\/strong><strong>ese\u010dno najemnino<\/strong><\/em><\/li>\n<li>Mo\u017enost <em><strong>odkupa robota<\/strong><\/em><\/li>\n<\/ul>\t\t\t\t\t\t\t\t<\/div>\n\t\t\t\t<\/div>\n\t\t\t\t\t<\/div>\n\t\t<\/div>\n\t\t\t\t\t<\/div>\n\t\t<\/section>\n\t\t\t\t<section class=\"elementor-section elementor-top-section elementor-element elementor-element-4077137c elementor-section-boxed elementor-section-height-default elementor-section-height-default\" data-id=\"4077137c\" data-element_type=\"section\">\n\t\t\t\t\t\t<div class=\"elementor-container elementor-column-gap-default\">\n\t\t\t\t\t<div class=\"elementor-column elementor-col-100 elementor-top-column elementor-element elementor-element-4d64a9c7\" data-id=\"4d64a9c7\" data-element_type=\"column\">\n\t\t\t<div class=\"elementor-widget-wrap elementor-element-populated\">\n\t\t\t\t\t\t<div class=\"elementor-element elementor-element-1be9b056 elementor-widget elementor-widget-image\" data-id=\"1be9b056\" data-element_type=\"widget\" data-widget_type=\"image.default\">\n\t\t\t\t<div class=\"elementor-widget-container\">\n\t\t\t\t\t\t\t\t\t\t\t\t\t\t\t<img decoding=\"async\" width=\"719\" height=\"818\" src=\"https:\/\/intbas.com\/wp-content\/uploads\/2019\/05\/Intbas_UR_mobil.png\" class=\"attachment-large size-large wp-image-363\" alt=\"\" srcset=\"https:\/\/intbas.com\/wp-content\/uploads\/2019\/05\/Intbas_UR_mobil-200x228.png 200w, https:\/\/intbas.com\/wp-content\/uploads\/2019\/05\/Intbas_UR_mobil-264x300.png 264w, https:\/\/intbas.com\/wp-content\/uploads\/2019\/05\/Intbas_UR_mobil-400x455.png 400w, https:\/\/intbas.com\/wp-content\/uploads\/2019\/05\/Intbas_UR_mobil-600x683.png 600w, https:\/\/intbas.com\/wp-content\/uploads\/2019\/05\/Intbas_UR_mobil.png 719w\" sizes=\"(max-width: 719px) 100vw, 719px\" \/>\t\t\t\t\t\t\t\t\t\t\t\t\t\t\t<\/div>\n\t\t\t\t<\/div>\n\t\t\t\t\t<\/div>\n\t\t<\/div>\n\t\t\t\t\t<\/div>\n\t\t<\/section>\n\t\t\t\t<\/div>","protected":false},"excerpt":{"rendered":"<p>Mobilna robotska platforma &#8211; lasten razvoj Ko se sre\u010damo s [&hellip;]<\/p>","protected":false},"author":1,"featured_media":0,"parent":0,"menu_order":0,"comment_status":"closed","ping_status":"closed","template":"","meta":{"footnotes":""},"class_list":["post-316","page","type-page","status-publish","hentry"],"yoast_head":"<!-- This site is optimized with the Yoast SEO plugin v26.7 - https:\/\/yoast.com\/wordpress\/plugins\/seo\/ -->\n<title>Mobilni roboti - IntBas<\/title>\n<meta name=\"robots\" content=\"index, follow, max-snippet:-1, max-image-preview:large, max-video-preview:-1\" \/>\n<link rel=\"canonical\" href=\"https:\/\/intbas.com\/en\/mobil-robots\/\" \/>\n<meta property=\"og:locale\" content=\"en_GB\" \/>\n<meta property=\"og:type\" content=\"article\" \/>\n<meta property=\"og:title\" content=\"Mobilni roboti - IntBas\" \/>\n<meta property=\"og:description\" content=\"Mobilna robotska platforma &#8211; lasten razvoj Ko se sre\u010damo s [&hellip;]\" \/>\n<meta property=\"og:url\" content=\"https:\/\/intbas.com\/en\/mobil-robots\/\" \/>\n<meta property=\"og:site_name\" content=\"IntBas\" \/>\n<meta property=\"article:modified_time\" content=\"2021-01-15T15:00:13+00:00\" \/>\n<meta property=\"og:image\" content=\"http:\/\/intbas.com\/wp-content\/uploads\/2019\/05\/intspector-placeholder.jpg\" \/>\n<meta name=\"twitter:card\" content=\"summary_large_image\" \/>\n<meta name=\"twitter:label1\" content=\"Estimated reading time\" \/>\n\t<meta name=\"twitter:data1\" content=\"1 minute\" \/>\n<script type=\"application\/ld+json\" class=\"yoast-schema-graph\">{\"@context\":\"https:\/\/schema.org\",\"@graph\":[{\"@type\":\"WebPage\",\"@id\":\"https:\/\/intbas.com\/mobil-robots\/\",\"url\":\"https:\/\/intbas.com\/mobil-robots\/\",\"name\":\"Mobilni roboti - IntBas\",\"isPartOf\":{\"@id\":\"https:\/\/intbas.com\/#website\"},\"primaryImageOfPage\":{\"@id\":\"https:\/\/intbas.com\/mobil-robots\/#primaryimage\"},\"image\":{\"@id\":\"https:\/\/intbas.com\/mobil-robots\/#primaryimage\"},\"thumbnailUrl\":\"http:\/\/intbas.com\/wp-content\/uploads\/2019\/05\/intspector-placeholder.jpg\",\"datePublished\":\"2019-05-28T20:33:01+00:00\",\"dateModified\":\"2021-01-15T15:00:13+00:00\",\"breadcrumb\":{\"@id\":\"https:\/\/intbas.com\/mobil-robots\/#breadcrumb\"},\"inLanguage\":\"sl-SI\",\"potentialAction\":[{\"@type\":\"ReadAction\",\"target\":[\"https:\/\/intbas.com\/mobil-robots\/\"]}]},{\"@type\":\"ImageObject\",\"inLanguage\":\"sl-SI\",\"@id\":\"https:\/\/intbas.com\/mobil-robots\/#primaryimage\",\"url\":\"http:\/\/intbas.com\/wp-content\/uploads\/2019\/05\/intspector-placeholder.jpg\",\"contentUrl\":\"http:\/\/intbas.com\/wp-content\/uploads\/2019\/05\/intspector-placeholder.jpg\"},{\"@type\":\"BreadcrumbList\",\"@id\":\"https:\/\/intbas.com\/mobil-robots\/#breadcrumb\",\"itemListElement\":[{\"@type\":\"ListItem\",\"position\":1,\"name\":\"Home\",\"item\":\"https:\/\/intbas.com\/?lang=en\"},{\"@type\":\"ListItem\",\"position\":2,\"name\":\"Mobilni roboti\"}]},{\"@type\":\"WebSite\",\"@id\":\"https:\/\/intbas.com\/#website\",\"url\":\"https:\/\/intbas.com\/\",\"name\":\"IntBas\",\"description\":\"Intelligence Based Systems\",\"potentialAction\":[{\"@type\":\"SearchAction\",\"target\":{\"@type\":\"EntryPoint\",\"urlTemplate\":\"https:\/\/intbas.com\/?s={search_term_string}\"},\"query-input\":{\"@type\":\"PropertyValueSpecification\",\"valueRequired\":true,\"valueName\":\"search_term_string\"}}],\"inLanguage\":\"sl-SI\"}]}<\/script>\n<!-- \/ Yoast SEO plugin. -->","yoast_head_json":{"title":"Mobilni roboti - IntBas","robots":{"index":"index","follow":"follow","max-snippet":"max-snippet:-1","max-image-preview":"max-image-preview:large","max-video-preview":"max-video-preview:-1"},"canonical":"https:\/\/intbas.com\/en\/mobil-robots\/","og_locale":"en_GB","og_type":"article","og_title":"Mobilni roboti - IntBas","og_description":"Mobilna robotska platforma &#8211; lasten razvoj Ko se sre\u010damo s [&hellip;]","og_url":"https:\/\/intbas.com\/en\/mobil-robots\/","og_site_name":"IntBas","article_modified_time":"2021-01-15T15:00:13+00:00","og_image":[{"url":"http:\/\/intbas.com\/wp-content\/uploads\/2019\/05\/intspector-placeholder.jpg","type":"","width":"","height":""}],"twitter_card":"summary_large_image","twitter_misc":{"Estimated reading time":"1 minute"},"schema":{"@context":"https:\/\/schema.org","@graph":[{"@type":"WebPage","@id":"https:\/\/intbas.com\/mobil-robots\/","url":"https:\/\/intbas.com\/mobil-robots\/","name":"Mobilni roboti - IntBas","isPartOf":{"@id":"https:\/\/intbas.com\/#website"},"primaryImageOfPage":{"@id":"https:\/\/intbas.com\/mobil-robots\/#primaryimage"},"image":{"@id":"https:\/\/intbas.com\/mobil-robots\/#primaryimage"},"thumbnailUrl":"http:\/\/intbas.com\/wp-content\/uploads\/2019\/05\/intspector-placeholder.jpg","datePublished":"2019-05-28T20:33:01+00:00","dateModified":"2021-01-15T15:00:13+00:00","breadcrumb":{"@id":"https:\/\/intbas.com\/mobil-robots\/#breadcrumb"},"inLanguage":"sl-SI","potentialAction":[{"@type":"ReadAction","target":["https:\/\/intbas.com\/mobil-robots\/"]}]},{"@type":"ImageObject","inLanguage":"sl-SI","@id":"https:\/\/intbas.com\/mobil-robots\/#primaryimage","url":"http:\/\/intbas.com\/wp-content\/uploads\/2019\/05\/intspector-placeholder.jpg","contentUrl":"http:\/\/intbas.com\/wp-content\/uploads\/2019\/05\/intspector-placeholder.jpg"},{"@type":"BreadcrumbList","@id":"https:\/\/intbas.com\/mobil-robots\/#breadcrumb","itemListElement":[{"@type":"ListItem","position":1,"name":"Home","item":"https:\/\/intbas.com\/?lang=en"},{"@type":"ListItem","position":2,"name":"Mobilni roboti"}]},{"@type":"WebSite","@id":"https:\/\/intbas.com\/#website","url":"https:\/\/intbas.com\/","name":"IntBas","description":"Intelligence Based Systems","potentialAction":[{"@type":"SearchAction","target":{"@type":"EntryPoint","urlTemplate":"https:\/\/intbas.com\/?s={search_term_string}"},"query-input":{"@type":"PropertyValueSpecification","valueRequired":true,"valueName":"search_term_string"}}],"inLanguage":"sl-SI"}]}},"_links":{"self":[{"href":"https:\/\/intbas.com\/en\/wp-json\/wp\/v2\/pages\/316","targetHints":{"allow":["GET"]}}],"collection":[{"href":"https:\/\/intbas.com\/en\/wp-json\/wp\/v2\/pages"}],"about":[{"href":"https:\/\/intbas.com\/en\/wp-json\/wp\/v2\/types\/page"}],"author":[{"embeddable":true,"href":"https:\/\/intbas.com\/en\/wp-json\/wp\/v2\/users\/1"}],"replies":[{"embeddable":true,"href":"https:\/\/intbas.com\/en\/wp-json\/wp\/v2\/comments?post=316"}],"version-history":[{"count":19,"href":"https:\/\/intbas.com\/en\/wp-json\/wp\/v2\/pages\/316\/revisions"}],"predecessor-version":[{"id":1163,"href":"https:\/\/intbas.com\/en\/wp-json\/wp\/v2\/pages\/316\/revisions\/1163"}],"wp:attachment":[{"href":"https:\/\/intbas.com\/en\/wp-json\/wp\/v2\/media?parent=316"}],"curies":[{"name":"wp","href":"https:\/\/api.w.org\/{rel}","templated":true}]}}