{"id":4109,"date":"2021-07-05T11:36:44","date_gmt":"2021-07-05T09:36:44","guid":{"rendered":"http:\/\/intbas.com\/?page_id=4109"},"modified":"2025-11-13T10:18:36","modified_gmt":"2025-11-13T09:18:36","slug":"monitoring","status":"publish","type":"page","link":"https:\/\/intbas.com\/en\/monitoring\/","title":{"rendered":"Monitoring+"},"content":{"rendered":"<div data-elementor-type=\"wp-post\" data-elementor-id=\"4109\" class=\"elementor elementor-4109\">\n\t\t\t\t\t\t<section class=\"elementor-section elementor-top-section elementor-element elementor-element-5301ab68 elementor-section-boxed elementor-section-height-default elementor-section-height-default\" data-id=\"5301ab68\" data-element_type=\"section\">\n\t\t\t\t\t\t<div class=\"elementor-container elementor-column-gap-default\">\n\t\t\t\t\t<div class=\"elementor-column elementor-col-100 elementor-top-column elementor-element elementor-element-1cd6e6d\" data-id=\"1cd6e6d\" data-element_type=\"column\">\n\t\t\t<div class=\"elementor-widget-wrap elementor-element-populated\">\n\t\t\t\t\t\t<div class=\"elementor-element elementor-element-2c76463f elementor-widget elementor-widget-text-editor\" data-id=\"2c76463f\" data-element_type=\"widget\" data-widget_type=\"text-editor.default\">\n\t\t\t\t<div class=\"elementor-widget-container\">\n\t\t\t\t\t\t\t\t\t<p><span class=\"HwtZe\" lang=\"en\"><span class=\"jCAhz ChMk0b\"><span class=\"ryNqvb\">Intbas Monitoring+ is a system for monitoring, managing and connecting rooms,production places, devices and surroundings with the possibility of warning and regulation.<\/span><\/span> <\/span><\/p>\n<p><span class=\"HwtZe\" lang=\"en\"><span class=\"jCAhz ChMk0b\"><span class=\"ryNqvb\">The installation of wireless measuring devices allows for quick and non-invasive installation without additional cabling.<\/span><\/span><\/span><\/p>\n<div>&nbsp;<\/div>\t\t\t\t\t\t\t\t<\/div>\n\t\t\t\t<\/div>\n\t\t\t\t<div class=\"elementor-element elementor-element-4b969db elementor-widget elementor-widget-heading\" data-id=\"4b969db\" data-element_type=\"widget\" data-widget_type=\"heading.default\">\n\t\t\t\t<div class=\"elementor-widget-container\">\n\t\t\t\t\t<h1 class=\"elementor-heading-title elementor-size-default\">Nabor mo\u017enih merjenih veli\u010din:<\/h1>\t\t\t\t<\/div>\n\t\t\t\t<\/div>\n\t\t\t\t<section class=\"elementor-section elementor-inner-section elementor-element elementor-element-819730a elementor-section-boxed elementor-section-height-default elementor-section-height-default\" data-id=\"819730a\" data-element_type=\"section\">\n\t\t\t\t\t\t<div class=\"elementor-container elementor-column-gap-default\">\n\t\t\t\t\t<div class=\"elementor-column elementor-col-50 elementor-inner-column elementor-element elementor-element-9ce1e9b\" data-id=\"9ce1e9b\" data-element_type=\"column\">\n\t\t\t<div class=\"elementor-widget-wrap elementor-element-populated\">\n\t\t\t\t\t\t<div class=\"elementor-element elementor-element-3e0063c elementor-widget elementor-widget-text-editor\" data-id=\"3e0063c\" data-element_type=\"widget\" data-widget_type=\"text-editor.default\">\n\t\t\t\t<div class=\"elementor-widget-container\">\n\t\t\t\t\t\t\t\t\t<ul><li><p>temperatura<\/p><\/li><li><p>vla\u017enost<\/p><\/li><li><p>atmosferski tlak<\/p><\/li><li><p>diferen\u010dni tlak<\/p><\/li><li><p>CO<\/p><\/li><li><p><span style=\"color: var( --e-global-color-text ); letter-spacing: 0px;\">CO<\/span><sub style=\"color: var( --e-global-color-text ); letter-spacing: 0px;\">2<\/sub><\/p><\/li><li><p>koli\u010dina padavin<\/p><\/li><li><p>osvetlitev<\/p><\/li><li><p>nivo kapljevin<\/p><\/li><li><p><span style=\"color: var( --e-global-color-text ); letter-spacing: 0px;\">UV radiacija<\/span><\/p><\/li><\/ul>\t\t\t\t\t\t\t\t<\/div>\n\t\t\t\t<\/div>\n\t\t\t\t\t<\/div>\n\t\t<\/div>\n\t\t\t\t<div class=\"elementor-column elementor-col-50 elementor-inner-column elementor-element elementor-element-3507fa5\" data-id=\"3507fa5\" data-element_type=\"column\">\n\t\t\t<div class=\"elementor-widget-wrap elementor-element-populated\">\n\t\t\t\t\t\t<div class=\"elementor-element elementor-element-64c3695 elementor-widget elementor-widget-text-editor\" data-id=\"64c3695\" data-element_type=\"widget\" data-widget_type=\"text-editor.default\">\n\t\t\t\t<div class=\"elementor-widget-container\">\n\t\t\t\t\t\t\t\t\t<ul><li><p>vla\u017enost v zemlji<\/p><\/li><li><p>stanje vrat\/oken\/loput<\/p><\/li><li><p>nivo kapljevin<\/p><\/li><li><p>koli\u010dina delcev PM1.0\/PM2.5\/PM10<\/p><\/li><li><p>nivo zvo\u010dnega \u0161uma<\/p><\/li><li><p>signali delovanja naprav<\/p><\/li><li><p>\u0161tetje pretoka in drugih \u0161tevnih veli\u010din<\/p><\/li><li><p>mo\u017enost prikopa drugih sond ali meritev<\/p><\/li><li><p><span style=\"color: var( --e-global-color-text ); letter-spacing: 0px;\">mo\u017enost priklopa na namensko pripravljene elektro-mehanske sklope<\/span><\/p><\/li><li>&#8230;.<\/li><\/ul>\t\t\t\t\t\t\t\t<\/div>\n\t\t\t\t<\/div>\n\t\t\t\t\t<\/div>\n\t\t<\/div>\n\t\t\t\t\t<\/div>\n\t\t<\/section>\n\t\t\t\t\t<\/div>\n\t\t<\/div>\n\t\t\t\t\t<\/div>\n\t\t<\/section>\n\t\t\t\t<section class=\"elementor-section elementor-top-section elementor-element elementor-element-490169d3 elementor-section-boxed elementor-section-height-default elementor-section-height-default\" data-id=\"490169d3\" data-element_type=\"section\">\n\t\t\t\t\t\t<div class=\"elementor-container elementor-column-gap-default\">\n\t\t\t\t\t<div class=\"elementor-column elementor-col-100 elementor-top-column elementor-element elementor-element-49833c82\" data-id=\"49833c82\" data-element_type=\"column\">\n\t\t\t<div class=\"elementor-widget-wrap elementor-element-populated\">\n\t\t\t\t\t\t<div class=\"elementor-element elementor-element-44d0d128 elementor-widget elementor-widget-image\" data-id=\"44d0d128\" data-element_type=\"widget\" data-widget_type=\"image.default\">\n\t\t\t\t<div class=\"elementor-widget-container\">\n\t\t\t\t\t\t\t\t\t\t\t\t\t\t\t<img fetchpriority=\"high\" decoding=\"async\" width=\"1024\" height=\"571\" src=\"https:\/\/intbas.com\/wp-content\/uploads\/2021\/07\/monit1.png\" class=\"attachment-large size-large wp-image-4067\" alt=\"\" srcset=\"https:\/\/intbas.com\/wp-content\/uploads\/2021\/07\/monit1-200x112.png 200w, https:\/\/intbas.com\/wp-content\/uploads\/2021\/07\/monit1-300x167.png 300w, https:\/\/intbas.com\/wp-content\/uploads\/2021\/07\/monit1-400x223.png 400w, https:\/\/intbas.com\/wp-content\/uploads\/2021\/07\/monit1-600x335.png 600w, https:\/\/intbas.com\/wp-content\/uploads\/2021\/07\/monit1-768x428.png 768w, https:\/\/intbas.com\/wp-content\/uploads\/2021\/07\/monit1-800x446.png 800w, https:\/\/intbas.com\/wp-content\/uploads\/2021\/07\/monit1.png 1024w\" sizes=\"(max-width: 1024px) 100vw, 1024px\" \/>\t\t\t\t\t\t\t\t\t\t\t\t\t\t\t<\/div>\n\t\t\t\t<\/div>\n\t\t\t\t\t<\/div>\n\t\t<\/div>\n\t\t\t\t\t<\/div>\n\t\t<\/section>\n\t\t\t\t<section class=\"elementor-section elementor-top-section elementor-element elementor-element-601221ff elementor-section-boxed elementor-section-height-default elementor-section-height-default\" data-id=\"601221ff\" data-element_type=\"section\">\n\t\t\t\t\t\t<div class=\"elementor-container elementor-column-gap-default\">\n\t\t\t\t\t<div class=\"elementor-column elementor-col-100 elementor-top-column elementor-element elementor-element-1a47c16f\" data-id=\"1a47c16f\" data-element_type=\"column\">\n\t\t\t<div class=\"elementor-widget-wrap elementor-element-populated\">\n\t\t\t\t\t\t<div class=\"elementor-element elementor-element-304a3c1f elementor-icon-list--layout-traditional elementor-list-item-link-full_width elementor-widget elementor-widget-icon-list\" data-id=\"304a3c1f\" data-element_type=\"widget\" data-widget_type=\"icon-list.default\">\n\t\t\t\t<div class=\"elementor-widget-container\">\n\t\t\t\t\t\t\t<ul class=\"elementor-icon-list-items\">\n\t\t\t\t\t\t\t<li class=\"elementor-icon-list-item\">\n\t\t\t\t\t\t\t\t\t\t\t<span class=\"elementor-icon-list-icon\">\n\t\t\t\t\t\t\t<i aria-hidden=\"true\" class=\"fas fa-quote-left\"><\/i>\t\t\t\t\t\t<\/span>\n\t\t\t\t\t\t\t\t\t\t<span class=\"elementor-icon-list-text\">Dolgotrajno baterijsko delovanje merilnih naprav - vsaj eno leto<\/span>\n\t\t\t\t\t\t\t\t\t<\/li>\n\t\t\t\t\t\t<\/ul>\n\t\t\t\t\t\t<\/div>\n\t\t\t\t<\/div>\n\t\t\t\t\t<\/div>\n\t\t<\/div>\n\t\t\t\t\t<\/div>\n\t\t<\/section>\n\t\t\t\t<section class=\"elementor-section elementor-top-section elementor-element elementor-element-143bbeb5 elementor-section-boxed elementor-section-height-default elementor-section-height-default\" data-id=\"143bbeb5\" data-element_type=\"section\">\n\t\t\t\t\t\t<div class=\"elementor-container elementor-column-gap-default\">\n\t\t\t\t\t<div class=\"elementor-column elementor-col-100 elementor-top-column elementor-element elementor-element-6e028701\" data-id=\"6e028701\" data-element_type=\"column\">\n\t\t\t<div class=\"elementor-widget-wrap elementor-element-populated\">\n\t\t\t\t\t\t<div class=\"elementor-element elementor-element-ac64c27 elementor-widget elementor-widget-text-editor\" data-id=\"ac64c27\" data-element_type=\"widget\" data-widget_type=\"text-editor.default\">\n\t\t\t\t<div class=\"elementor-widget-container\">\n\t\t\t\t\t\t\t\t\t<p><span style=\"color: #454545; font-family: Montserrat;\"><span style=\"font-size: 28px;\">Prikaz merjenih veli\u010din v grafu z dolgoro\u010dno zgodovino in mo\u017enostjo izvoza za zunanjo obdelavo. Izdelava periodi\u010dnih poro\u010dil z vnaprej dolo\u010deno vsebino za izbrane veli\u010dine.<\/span><\/span><\/p><p><span style=\"color: #454545; font-family: Montserrat;\"><span style=\"font-size: 28px;\">Senzorika je lahko postavljena na dislociranih lokacijah, v ve\u010d nadstropjih ali poslopjih.\u00a0<\/span><\/span><\/p>\t\t\t\t\t\t\t\t<\/div>\n\t\t\t\t<\/div>\n\t\t\t\t<div class=\"elementor-element elementor-element-c0d8931 elementor-widget elementor-widget-image\" data-id=\"c0d8931\" data-element_type=\"widget\" data-widget_type=\"image.default\">\n\t\t\t\t<div class=\"elementor-widget-container\">\n\t\t\t\t\t\t\t\t\t\t\t\t\t\t\t<img decoding=\"async\" width=\"666\" height=\"373\" src=\"https:\/\/intbas.com\/wp-content\/uploads\/2021\/07\/monit2.png\" class=\"attachment-large size-large wp-image-4069\" alt=\"\" srcset=\"https:\/\/intbas.com\/wp-content\/uploads\/2021\/07\/monit2-200x112.png 200w, https:\/\/intbas.com\/wp-content\/uploads\/2021\/07\/monit2-300x168.png 300w, https:\/\/intbas.com\/wp-content\/uploads\/2021\/07\/monit2-400x224.png 400w, https:\/\/intbas.com\/wp-content\/uploads\/2021\/07\/monit2-600x336.png 600w, https:\/\/intbas.com\/wp-content\/uploads\/2021\/07\/monit2.png 666w\" sizes=\"(max-width: 666px) 100vw, 666px\" \/>\t\t\t\t\t\t\t\t\t\t\t\t\t\t\t<\/div>\n\t\t\t\t<\/div>\n\t\t\t\t\t<\/div>\n\t\t<\/div>\n\t\t\t\t\t<\/div>\n\t\t<\/section>\n\t\t\t\t<section class=\"elementor-section elementor-top-section elementor-element elementor-element-1f697cc6 elementor-section-boxed elementor-section-height-default elementor-section-height-default\" data-id=\"1f697cc6\" data-element_type=\"section\">\n\t\t\t\t\t\t<div class=\"elementor-container elementor-column-gap-default\">\n\t\t\t\t\t<div class=\"elementor-column elementor-col-100 elementor-top-column elementor-element elementor-element-74b3d7ee\" data-id=\"74b3d7ee\" data-element_type=\"column\">\n\t\t\t<div class=\"elementor-widget-wrap elementor-element-populated\">\n\t\t\t\t\t\t<div class=\"elementor-element elementor-element-1d82e040 elementor-widget-divider--view-line elementor-widget elementor-widget-divider\" data-id=\"1d82e040\" data-element_type=\"widget\" data-widget_type=\"divider.default\">\n\t\t\t\t<div class=\"elementor-widget-container\">\n\t\t\t\t\t\t\t<div class=\"elementor-divider\">\n\t\t\t<span class=\"elementor-divider-separator\">\n\t\t\t\t\t\t<\/span>\n\t\t<\/div>\n\t\t\t\t\t\t<\/div>\n\t\t\t\t<\/div>\n\t\t\t\t<div class=\"elementor-element elementor-element-6f4cfb90 elementor-widget elementor-widget-heading\" data-id=\"6f4cfb90\" data-element_type=\"widget\" data-widget_type=\"heading.default\">\n\t\t\t\t<div class=\"elementor-widget-container\">\n\t\t\t\t\t<h1 class=\"elementor-heading-title elementor-size-default\">Ciljne aplikacije:<\/h1>\t\t\t\t<\/div>\n\t\t\t\t<\/div>\n\t\t\t\t<div class=\"elementor-element elementor-element-7d85b1e elementor-widget elementor-widget-text-editor\" data-id=\"7d85b1e\" data-element_type=\"widget\" data-widget_type=\"text-editor.default\">\n\t\t\t\t<div class=\"elementor-widget-container\">\n\t\t\t\t\t\t\t\t\t<ul><li><p>monitoring prostorov, naprav in okolice<\/p><\/li><li><p>monitoring in upravljanje regulacijskih zank<\/p><\/li><li><p>sekundarni monitoring obstoje\u010dih regulacijskih zank<\/p><\/li><li><p>zaznavanje in opozarjanje na veli\u010dine dovoljenih mej<\/p><\/li><li><p>&#8230;<\/p><\/li><\/ul>\t\t\t\t\t\t\t\t<\/div>\n\t\t\t\t<\/div>\n\t\t\t\t\t<\/div>\n\t\t<\/div>\n\t\t\t\t\t<\/div>\n\t\t<\/section>\n\t\t\t\t<section class=\"elementor-section elementor-top-section elementor-element elementor-element-0605772 elementor-section-boxed elementor-section-height-default elementor-section-height-default\" data-id=\"0605772\" data-element_type=\"section\">\n\t\t\t\t\t\t<div class=\"elementor-container elementor-column-gap-default\">\n\t\t\t\t\t<div class=\"elementor-column elementor-col-100 elementor-top-column elementor-element elementor-element-14fe1db\" data-id=\"14fe1db\" data-element_type=\"column\">\n\t\t\t<div class=\"elementor-widget-wrap elementor-element-populated\">\n\t\t\t\t\t\t<div class=\"elementor-element elementor-element-0e9813c elementor-icon-list--layout-traditional elementor-list-item-link-full_width elementor-widget elementor-widget-icon-list\" data-id=\"0e9813c\" data-element_type=\"widget\" data-widget_type=\"icon-list.default\">\n\t\t\t\t<div class=\"elementor-widget-container\">\n\t\t\t\t\t\t\t<ul class=\"elementor-icon-list-items\">\n\t\t\t\t\t\t\t<li class=\"elementor-icon-list-item\">\n\t\t\t\t\t\t\t\t\t\t\t<span class=\"elementor-icon-list-icon\">\n\t\t\t\t\t\t\t<i aria-hidden=\"true\" class=\"fas fa-quote-left\"><\/i>\t\t\t\t\t\t<\/span>\n\t\t\t\t\t\t\t\t\t\t<span class=\"elementor-icon-list-text\">Avtomatsko obve\u0161\u010danje - email, SMS, glasovno sporo\u010dilo<\/span>\n\t\t\t\t\t\t\t\t\t<\/li>\n\t\t\t\t\t\t<\/ul>\n\t\t\t\t\t\t<\/div>\n\t\t\t\t<\/div>\n\t\t\t\t\t<\/div>\n\t\t<\/div>\n\t\t\t\t\t<\/div>\n\t\t<\/section>\n\t\t\t\t<\/div>","protected":false},"excerpt":{"rendered":"<p>Intbas Monitoring+ is a system for monitoring, managing and connecting [&hellip;]<\/p>","protected":false},"author":1,"featured_media":0,"parent":0,"menu_order":0,"comment_status":"closed","ping_status":"closed","template":"","meta":{"footnotes":""},"class_list":["post-4109","page","type-page","status-publish","hentry"],"yoast_head":"<!-- This site is optimized with the Yoast SEO plugin v26.7 - https:\/\/yoast.com\/wordpress\/plugins\/seo\/ -->\n<title>Monitoring+ - IntBas<\/title>\n<meta name=\"robots\" content=\"index, follow, max-snippet:-1, max-image-preview:large, max-video-preview:-1\" \/>\n<link rel=\"canonical\" href=\"https:\/\/intbas.com\/en\/monitoring\/\" \/>\n<meta property=\"og:locale\" content=\"en_GB\" \/>\n<meta property=\"og:type\" content=\"article\" \/>\n<meta property=\"og:title\" content=\"Monitoring+ - IntBas\" \/>\n<meta property=\"og:description\" content=\"Intbas Monitoring+ is a system for monitoring, managing and connecting [&hellip;]\" \/>\n<meta property=\"og:url\" content=\"https:\/\/intbas.com\/en\/monitoring\/\" \/>\n<meta property=\"og:site_name\" content=\"IntBas\" \/>\n<meta property=\"article:modified_time\" content=\"2025-11-13T09:18:36+00:00\" \/>\n<meta property=\"og:image\" content=\"http:\/\/intbas.com\/wp-content\/uploads\/2021\/07\/monit1.png\" \/>\n<meta name=\"twitter:card\" content=\"summary_large_image\" \/>\n<meta name=\"twitter:label1\" content=\"Estimated reading time\" \/>\n\t<meta name=\"twitter:data1\" content=\"1 minute\" \/>\n<script type=\"application\/ld+json\" class=\"yoast-schema-graph\">{\"@context\":\"https:\/\/schema.org\",\"@graph\":[{\"@type\":\"WebPage\",\"@id\":\"https:\/\/intbas.com\/monitoring\/\",\"url\":\"https:\/\/intbas.com\/monitoring\/\",\"name\":\"Monitoring+ - IntBas\",\"isPartOf\":{\"@id\":\"https:\/\/intbas.com\/#website\"},\"primaryImageOfPage\":{\"@id\":\"https:\/\/intbas.com\/monitoring\/#primaryimage\"},\"image\":{\"@id\":\"https:\/\/intbas.com\/monitoring\/#primaryimage\"},\"thumbnailUrl\":\"http:\/\/intbas.com\/wp-content\/uploads\/2021\/07\/monit1.png\",\"datePublished\":\"2021-07-05T09:36:44+00:00\",\"dateModified\":\"2025-11-13T09:18:36+00:00\",\"breadcrumb\":{\"@id\":\"https:\/\/intbas.com\/monitoring\/#breadcrumb\"},\"inLanguage\":\"sl-SI\",\"potentialAction\":[{\"@type\":\"ReadAction\",\"target\":[\"https:\/\/intbas.com\/monitoring\/\"]}]},{\"@type\":\"ImageObject\",\"inLanguage\":\"sl-SI\",\"@id\":\"https:\/\/intbas.com\/monitoring\/#primaryimage\",\"url\":\"http:\/\/intbas.com\/wp-content\/uploads\/2021\/07\/monit1.png\",\"contentUrl\":\"http:\/\/intbas.com\/wp-content\/uploads\/2021\/07\/monit1.png\"},{\"@type\":\"BreadcrumbList\",\"@id\":\"https:\/\/intbas.com\/monitoring\/#breadcrumb\",\"itemListElement\":[{\"@type\":\"ListItem\",\"position\":1,\"name\":\"Home\",\"item\":\"https:\/\/intbas.com\/?lang=en\"},{\"@type\":\"ListItem\",\"position\":2,\"name\":\"Monitoring+\"}]},{\"@type\":\"WebSite\",\"@id\":\"https:\/\/intbas.com\/#website\",\"url\":\"https:\/\/intbas.com\/\",\"name\":\"IntBas\",\"description\":\"Intelligence Based Systems\",\"potentialAction\":[{\"@type\":\"SearchAction\",\"target\":{\"@type\":\"EntryPoint\",\"urlTemplate\":\"https:\/\/intbas.com\/?s={search_term_string}\"},\"query-input\":{\"@type\":\"PropertyValueSpecification\",\"valueRequired\":true,\"valueName\":\"search_term_string\"}}],\"inLanguage\":\"sl-SI\"}]}<\/script>\n<!-- \/ Yoast SEO plugin. -->","yoast_head_json":{"title":"Monitoring+ - IntBas","robots":{"index":"index","follow":"follow","max-snippet":"max-snippet:-1","max-image-preview":"max-image-preview:large","max-video-preview":"max-video-preview:-1"},"canonical":"https:\/\/intbas.com\/en\/monitoring\/","og_locale":"en_GB","og_type":"article","og_title":"Monitoring+ - IntBas","og_description":"Intbas Monitoring+ is a system for monitoring, managing and connecting [&hellip;]","og_url":"https:\/\/intbas.com\/en\/monitoring\/","og_site_name":"IntBas","article_modified_time":"2025-11-13T09:18:36+00:00","og_image":[{"url":"http:\/\/intbas.com\/wp-content\/uploads\/2021\/07\/monit1.png","type":"","width":"","height":""}],"twitter_card":"summary_large_image","twitter_misc":{"Estimated reading time":"1 minute"},"schema":{"@context":"https:\/\/schema.org","@graph":[{"@type":"WebPage","@id":"https:\/\/intbas.com\/monitoring\/","url":"https:\/\/intbas.com\/monitoring\/","name":"Monitoring+ - IntBas","isPartOf":{"@id":"https:\/\/intbas.com\/#website"},"primaryImageOfPage":{"@id":"https:\/\/intbas.com\/monitoring\/#primaryimage"},"image":{"@id":"https:\/\/intbas.com\/monitoring\/#primaryimage"},"thumbnailUrl":"http:\/\/intbas.com\/wp-content\/uploads\/2021\/07\/monit1.png","datePublished":"2021-07-05T09:36:44+00:00","dateModified":"2025-11-13T09:18:36+00:00","breadcrumb":{"@id":"https:\/\/intbas.com\/monitoring\/#breadcrumb"},"inLanguage":"sl-SI","potentialAction":[{"@type":"ReadAction","target":["https:\/\/intbas.com\/monitoring\/"]}]},{"@type":"ImageObject","inLanguage":"sl-SI","@id":"https:\/\/intbas.com\/monitoring\/#primaryimage","url":"http:\/\/intbas.com\/wp-content\/uploads\/2021\/07\/monit1.png","contentUrl":"http:\/\/intbas.com\/wp-content\/uploads\/2021\/07\/monit1.png"},{"@type":"BreadcrumbList","@id":"https:\/\/intbas.com\/monitoring\/#breadcrumb","itemListElement":[{"@type":"ListItem","position":1,"name":"Home","item":"https:\/\/intbas.com\/?lang=en"},{"@type":"ListItem","position":2,"name":"Monitoring+"}]},{"@type":"WebSite","@id":"https:\/\/intbas.com\/#website","url":"https:\/\/intbas.com\/","name":"IntBas","description":"Intelligence Based Systems","potentialAction":[{"@type":"SearchAction","target":{"@type":"EntryPoint","urlTemplate":"https:\/\/intbas.com\/?s={search_term_string}"},"query-input":{"@type":"PropertyValueSpecification","valueRequired":true,"valueName":"search_term_string"}}],"inLanguage":"sl-SI"}]}},"_links":{"self":[{"href":"https:\/\/intbas.com\/en\/wp-json\/wp\/v2\/pages\/4109","targetHints":{"allow":["GET"]}}],"collection":[{"href":"https:\/\/intbas.com\/en\/wp-json\/wp\/v2\/pages"}],"about":[{"href":"https:\/\/intbas.com\/en\/wp-json\/wp\/v2\/types\/page"}],"author":[{"embeddable":true,"href":"https:\/\/intbas.com\/en\/wp-json\/wp\/v2\/users\/1"}],"replies":[{"embeddable":true,"href":"https:\/\/intbas.com\/en\/wp-json\/wp\/v2\/comments?post=4109"}],"version-history":[{"count":4,"href":"https:\/\/intbas.com\/en\/wp-json\/wp\/v2\/pages\/4109\/revisions"}],"predecessor-version":[{"id":4313,"href":"https:\/\/intbas.com\/en\/wp-json\/wp\/v2\/pages\/4109\/revisions\/4313"}],"wp:attachment":[{"href":"https:\/\/intbas.com\/en\/wp-json\/wp\/v2\/media?parent=4109"}],"curies":[{"name":"wp","href":"https:\/\/api.w.org\/{rel}","templated":true}]}}