{"id":556,"date":"2020-12-08T15:07:01","date_gmt":"2020-12-08T14:07:01","guid":{"rendered":"http:\/\/intbas.com\/?page_id=556"},"modified":"2025-11-13T11:36:43","modified_gmt":"2025-11-13T10:36:43","slug":"bioreactors","status":"publish","type":"page","link":"https:\/\/intbas.com\/en\/bioreactors\/","title":{"rendered":"Bioreactors"},"content":{"rendered":"<div data-elementor-type=\"wp-post\" data-elementor-id=\"556\" class=\"elementor elementor-556\">\n\t\t\t\t\t\t<section class=\"elementor-section elementor-top-section elementor-element elementor-element-3a5ecc0 elementor-section-boxed elementor-section-height-default elementor-section-height-default\" data-id=\"3a5ecc0\" data-element_type=\"section\">\n\t\t\t\t\t\t<div class=\"elementor-container elementor-column-gap-default\">\n\t\t\t\t\t<div class=\"elementor-column elementor-col-100 elementor-top-column elementor-element elementor-element-463953b\" data-id=\"463953b\" data-element_type=\"column\">\n\t\t\t<div class=\"elementor-widget-wrap elementor-element-populated\">\n\t\t\t\t\t\t<div class=\"elementor-element elementor-element-5b9ccba elementor-position-right elementor-vertical-align-top elementor-widget elementor-widget-image-box\" data-id=\"5b9ccba\" data-element_type=\"widget\" data-widget_type=\"image-box.default\">\n\t\t\t\t<div class=\"elementor-widget-container\">\n\t\t\t\t\t<div class=\"elementor-image-box-wrapper\"><figure class=\"elementor-image-box-img\"><img fetchpriority=\"high\" decoding=\"async\" width=\"891\" height=\"1162\" src=\"https:\/\/intbas.com\/wp-content\/uploads\/2021\/10\/Bioreactor-bc2.jpg\" class=\"attachment-full size-full wp-image-4130\" alt=\"\" srcset=\"https:\/\/intbas.com\/wp-content\/uploads\/2021\/10\/Bioreactor-bc2-200x261.jpg 200w, https:\/\/intbas.com\/wp-content\/uploads\/2021\/10\/Bioreactor-bc2-230x300.jpg 230w, https:\/\/intbas.com\/wp-content\/uploads\/2021\/10\/Bioreactor-bc2-400x522.jpg 400w, https:\/\/intbas.com\/wp-content\/uploads\/2021\/10\/Bioreactor-bc2-600x782.jpg 600w, https:\/\/intbas.com\/wp-content\/uploads\/2021\/10\/Bioreactor-bc2-768x1002.jpg 768w, https:\/\/intbas.com\/wp-content\/uploads\/2021\/10\/Bioreactor-bc2-785x1024.jpg 785w, https:\/\/intbas.com\/wp-content\/uploads\/2021\/10\/Bioreactor-bc2-800x1043.jpg 800w, https:\/\/intbas.com\/wp-content\/uploads\/2021\/10\/Bioreactor-bc2.jpg 891w\" sizes=\"(max-width: 891px) 100vw, 891px\" \/><\/figure><div class=\"elementor-image-box-content\"><p class=\"elementor-image-box-description\"><p style=\"text-align: start;white-space: normal\"><span style=\"font-family: Montserrat\"><span style=\"font-size: 28px\">Nudimo izdelavo bioreaktorjev po \u017eeljah kupca.&nbsp;<\/span><\/span><\/p><p style=\"text-align: start;white-space: normal\"><span style=\"font-family: Montserrat\"><span style=\"font-size: 28px\">Bioreaktor omogo\u010da popolnoma avtomatizirano delovanje vseh klju\u010dnih procesov, ki so del fermentacijskega procesa. Avtomatizirani oz. delno avtomatizirani so tudi ostali podprocesi bioreaktorja :&nbsp;<span style=\"font-weight: 700\">tla\u010dni preizkus, sterilizacija, kalibracija.&nbsp;<\/span><\/span><\/span><\/p><\/p><\/div><\/div>\t\t\t\t<\/div>\n\t\t\t\t<\/div>\n\t\t\t\t\t<\/div>\n\t\t<\/div>\n\t\t\t\t\t<\/div>\n\t\t<\/section>\n\t\t\t\t<section class=\"elementor-section elementor-top-section elementor-element elementor-element-50add37 elementor-section-boxed elementor-section-height-default elementor-section-height-default\" data-id=\"50add37\" data-element_type=\"section\">\n\t\t\t\t\t\t<div class=\"elementor-container elementor-column-gap-default\">\n\t\t\t\t\t<div class=\"elementor-column elementor-col-100 elementor-top-column elementor-element elementor-element-0f3d8cb\" data-id=\"0f3d8cb\" data-element_type=\"column\">\n\t\t\t<div class=\"elementor-widget-wrap elementor-element-populated\">\n\t\t\t\t\t\t<div class=\"elementor-element elementor-element-42fa0a3 elementor-widget elementor-widget-text-editor\" data-id=\"42fa0a3\" data-element_type=\"widget\" data-widget_type=\"text-editor.default\">\n\t\t\t\t<div class=\"elementor-widget-container\">\n\t\t\t\t\t\t\t\t\t<h1><span style=\"color: #6ec1e4;\"><strong><span style=\"font-family: Montserrat;\"><span style=\"font-size: 32px;\">ME\u0160ANJE\u00a0<\/span><\/span><\/strong><\/span><\/h1><p><span style=\"color: #454545; font-family: Montserrat;\"><span style=\"font-size: 28px;\">\u0160irok razpon me\u0161alne hitrosti (50 \u2013 1500 obratov\/min) omogo\u010da kulturam v bioreaktorju idealne pogoje in minimizira odstopanja meritev senzorike od dejanskih.<br \/><\/span><\/span><\/p>\t\t\t\t\t\t\t\t<\/div>\n\t\t\t\t<\/div>\n\t\t\t\t\t<\/div>\n\t\t<\/div>\n\t\t\t\t\t<\/div>\n\t\t<\/section>\n\t\t\t\t<section class=\"elementor-section elementor-top-section elementor-element elementor-element-4059211 elementor-section-boxed elementor-section-height-default elementor-section-height-default\" data-id=\"4059211\" data-element_type=\"section\">\n\t\t\t\t\t\t<div class=\"elementor-container elementor-column-gap-default\">\n\t\t\t\t\t<div class=\"elementor-column elementor-col-100 elementor-top-column elementor-element elementor-element-8196801\" data-id=\"8196801\" data-element_type=\"column\">\n\t\t\t<div class=\"elementor-widget-wrap elementor-element-populated\">\n\t\t\t\t\t\t<div class=\"elementor-element elementor-element-4f3ea20 elementor-widget elementor-widget-text-editor\" data-id=\"4f3ea20\" data-element_type=\"widget\" data-widget_type=\"text-editor.default\">\n\t\t\t\t<div class=\"elementor-widget-container\">\n\t\t\t\t\t\t\t\t\t<h1><span style=\"color: #6ec1e4;\"><strong><span style=\"font-family: Montserrat;\"><span style=\"font-size: 32px;\">MERJENJE IN REGULACIJA TEMPERATURE<\/span><\/span><\/strong><\/span><\/h1>\n<span style=\"color: #454545; font-family: Montserrat;\"><span style=\"font-size: 28px;\">S pomo\u010djo zelo natan\u010dnih temperaturnih senzorjev dosegamo tudi zelo natan\u010dno regulacijo temperature (+\/- 0.2\u00b0C). Z aktivnim sistemom hlajenja(cirkulacija hladne vode iz vodovodnega sistema) dosegamo zelo natan\u010dno regulacijo tudi pri temperaturi procesa v okolici sobne temperature ali pod.<\/span><\/span>\t\t\t\t\t\t\t\t<\/div>\n\t\t\t\t<\/div>\n\t\t\t\t<div class=\"elementor-element elementor-element-1d0bc59 elementor-widget elementor-widget-text-editor\" data-id=\"1d0bc59\" data-element_type=\"widget\" data-widget_type=\"text-editor.default\">\n\t\t\t\t<div class=\"elementor-widget-container\">\n\t\t\t\t\t\t\t\t\t<h1><span style=\"color: #6ec1e4;\"><strong><span style=\"font-family: Montserrat;\"><span style=\"font-size: 32px;\">MERJENJE IN REGULACIJA PH<\/span><\/span><\/strong><\/span><\/h1>\n<span style=\"color: #454545; font-family: Montserrat;\"><span style=\"font-size: 28px;\">Bioreaktor lahko korigira kakr\u0161no koli odstopanje v vrednosti pH. S pomo\u010djo PID regulacije in perilstati\u010dnih \u010drpalk glede na potrebo dodajamo kislino oz. bazo v posodo in s tem dosegamo \u010dim bolj\u0161e pogoje za kulture v bioreaktorju.<\/span><\/span>\t\t\t\t\t\t\t\t<\/div>\n\t\t\t\t<\/div>\n\t\t\t\t<div class=\"elementor-element elementor-element-51bf12d elementor-widget elementor-widget-text-editor\" data-id=\"51bf12d\" data-element_type=\"widget\" data-widget_type=\"text-editor.default\">\n\t\t\t\t<div class=\"elementor-widget-container\">\n\t\t\t\t\t\t\t\t\t<h1><span style=\"color: #6ec1e4;\"><strong><span style=\"font-family: Montserrat;\"><span style=\"font-size: 32px;\">DOVAJANJE HRANILA<\/span><\/span><\/strong><\/span><\/h1>\n<span style=\"color: #454545; font-family: Montserrat;\"><span style=\"font-size: 28px;\">Bioreaktor omogo\u010da tudi t.i. \u00bbfed-batch\u00ab proces, ki omogo\u010da da hranilo v posodo dovajamo preko dolo\u010denega \u010dasovnega obdobja. Koli\u010dina dovedenega hranila je tako dolo\u010dena glede na izbrano funkcijo(linearna, poten\u010dna, eksponentna) ali pa le izbrano konstantno vrednostjo in za\u010detne ter kon\u010dne vrednosti hitrosti \u010drpalke dovajanja hranila med dvema to\u010dkama. Teh to\u010dk je lahko poljubno mnogo.<\/span><\/span>\t\t\t\t\t\t\t\t<\/div>\n\t\t\t\t<\/div>\n\t\t\t\t<div class=\"elementor-element elementor-element-757f113 elementor-widget elementor-widget-text-editor\" data-id=\"757f113\" data-element_type=\"widget\" data-widget_type=\"text-editor.default\">\n\t\t\t\t<div class=\"elementor-widget-container\">\n\t\t\t\t\t\t\t\t\t<h1><span style=\"color: #6ec1e4;\"><strong><span style=\"font-family: Montserrat;\"><span style=\"font-size: 32px;\">RAZSTOPLJEN KISIK<\/span><\/span><\/strong><\/span><\/h1>\n<span style=\"color: #454545; font-family: Montserrat;\"><span style=\"font-size: 28px;\">Med procesom, glede na potrebe bioreaktor dovaja me\u0161anico plinov v posodo da dosegamo optimalno vrednost razstopljenega kisika.<\/span><\/span>\t\t\t\t\t\t\t\t<\/div>\n\t\t\t\t<\/div>\n\t\t\t\t<div class=\"elementor-element elementor-element-547b39a elementor-widget elementor-widget-text-editor\" data-id=\"547b39a\" data-element_type=\"widget\" data-widget_type=\"text-editor.default\">\n\t\t\t\t<div class=\"elementor-widget-container\">\n\t\t\t\t\t\t\t\t\t<h1><span style=\"color: #6ec1e4;\"><strong><span style=\"font-family: Montserrat;\"><span style=\"font-size: 32px;\">ANTI-FOAM<\/span><\/span><\/strong><\/span><\/h1><p><span style=\"color: #454545; font-family: Montserrat;\"><span style=\"font-size: 28px;\">Antifoam sistem je sestavljen iz detektorja pene, ki je lociran v posodi na \u017eeleni vi\u0161ini. Ko vi\u0161ina pene prese\u017ee vi\u0161ino senzorja, sistem za\u010dne dovajati protipenilno sredstvo, ki ga dozira preko perilstati\u010dne \u010drpalke.<\/span><\/span><\/p>\t\t\t\t\t\t\t\t<\/div>\n\t\t\t\t<\/div>\n\t\t\t\t<div class=\"elementor-element elementor-element-ac3c14d elementor-widget elementor-widget-text-editor\" data-id=\"ac3c14d\" data-element_type=\"widget\" data-widget_type=\"text-editor.default\">\n\t\t\t\t<div class=\"elementor-widget-container\">\n\t\t\t\t\t\t\t\t\t<h1><span style=\"color: #6ec1e4;\"><span style=\"font-size: 32px;\">SCADA<\/span><\/span><\/h1><p><span style=\"color: #454545; font-family: Montserrat;\"><span style=\"font-size: 28px;\"> Vse opisane funkcije so krmiljene preko PLC krmilnika. Z njim upravljamo preko SCADA sistema. SCADA nam omogo\u010da da spremljamo celoten proces v bioreaktorju in preko vnosnih parametrov priredimo pogoje po na\u0161ih \u017eeljah.\u00a0<\/span><\/span><\/p><p><img decoding=\"async\" class=\"size-full wp-image-568 aligncenter\" style=\"letter-spacing: 0px;\" src=\"http:\/\/intbas.com\/wp-content\/uploads\/2020\/12\/mainmenu_ferm.png\" alt=\"\" width=\"850\" height=\"45 0\" srcset=\"https:\/\/intbas.com\/wp-content\/uploads\/2020\/12\/mainmenu_ferm-200x113.png 200w, https:\/\/intbas.com\/wp-content\/uploads\/2020\/12\/mainmenu_ferm-300x169.png 300w, https:\/\/intbas.com\/wp-content\/uploads\/2020\/12\/mainmenu_ferm-400x226.png 400w, https:\/\/intbas.com\/wp-content\/uploads\/2020\/12\/mainmenu_ferm-600x339.png 600w, https:\/\/intbas.com\/wp-content\/uploads\/2020\/12\/mainmenu_ferm-768x434.png 768w, https:\/\/intbas.com\/wp-content\/uploads\/2020\/12\/mainmenu_ferm-800x452.png 800w, https:\/\/intbas.com\/wp-content\/uploads\/2020\/12\/mainmenu_ferm-1024x579.png 1024w, https:\/\/intbas.com\/wp-content\/uploads\/2020\/12\/mainmenu_ferm-1200x678.png 1200w, https:\/\/intbas.com\/wp-content\/uploads\/2020\/12\/mainmenu_ferm.png 1439w\" sizes=\"(max-width: 1439px) 100vw, 1439px\" \/><\/p>\t\t\t\t\t\t\t\t<\/div>\n\t\t\t\t<\/div>\n\t\t\t\t\t<\/div>\n\t\t<\/div>\n\t\t\t\t\t<\/div>\n\t\t<\/section>\n\t\t\t\t<\/div>","protected":false},"excerpt":{"rendered":"<p>Nudimo izdelavo bioreaktorjev po \u017eeljah kupca.&nbsp; Bioreaktor omogo\u010da popolnoma avtomatizirano [&hellip;]<\/p>","protected":false},"author":1,"featured_media":0,"parent":0,"menu_order":0,"comment_status":"closed","ping_status":"closed","template":"","meta":{"footnotes":""},"class_list":["post-556","page","type-page","status-publish","hentry"],"yoast_head":"<!-- This site is optimized with the Yoast SEO plugin v26.7 - https:\/\/yoast.com\/wordpress\/plugins\/seo\/ -->\n<title>Bioreactors - IntBas<\/title>\n<meta name=\"robots\" content=\"index, follow, max-snippet:-1, max-image-preview:large, max-video-preview:-1\" \/>\n<link rel=\"canonical\" href=\"https:\/\/intbas.com\/en\/bioreactors\/\" \/>\n<meta property=\"og:locale\" content=\"en_GB\" \/>\n<meta property=\"og:type\" content=\"article\" \/>\n<meta property=\"og:title\" content=\"Bioreactors - IntBas\" \/>\n<meta property=\"og:description\" content=\"Nudimo izdelavo bioreaktorjev po \u017eeljah kupca.&nbsp; Bioreaktor omogo\u010da popolnoma avtomatizirano [&hellip;]\" \/>\n<meta property=\"og:url\" content=\"https:\/\/intbas.com\/en\/bioreactors\/\" \/>\n<meta property=\"og:site_name\" content=\"IntBas\" \/>\n<meta property=\"article:modified_time\" content=\"2025-11-13T10:36:43+00:00\" \/>\n<meta property=\"og:image\" content=\"http:\/\/intbas.com\/wp-content\/uploads\/2021\/10\/Bioreactor-bc2.jpg\" \/>\n<meta name=\"twitter:card\" content=\"summary_large_image\" \/>\n<meta name=\"twitter:label1\" content=\"Estimated reading time\" \/>\n\t<meta name=\"twitter:data1\" content=\"2 minutes\" \/>\n<script type=\"application\/ld+json\" class=\"yoast-schema-graph\">{\"@context\":\"https:\/\/schema.org\",\"@graph\":[{\"@type\":\"WebPage\",\"@id\":\"https:\/\/intbas.com\/bioreactors\/\",\"url\":\"https:\/\/intbas.com\/bioreactors\/\",\"name\":\"Bioreactors - IntBas\",\"isPartOf\":{\"@id\":\"https:\/\/intbas.com\/#website\"},\"primaryImageOfPage\":{\"@id\":\"https:\/\/intbas.com\/bioreactors\/#primaryimage\"},\"image\":{\"@id\":\"https:\/\/intbas.com\/bioreactors\/#primaryimage\"},\"thumbnailUrl\":\"http:\/\/intbas.com\/wp-content\/uploads\/2021\/10\/Bioreactor-bc2.jpg\",\"datePublished\":\"2020-12-08T14:07:01+00:00\",\"dateModified\":\"2025-11-13T10:36:43+00:00\",\"breadcrumb\":{\"@id\":\"https:\/\/intbas.com\/bioreactors\/#breadcrumb\"},\"inLanguage\":\"sl-SI\",\"potentialAction\":[{\"@type\":\"ReadAction\",\"target\":[\"https:\/\/intbas.com\/bioreactors\/\"]}]},{\"@type\":\"ImageObject\",\"inLanguage\":\"sl-SI\",\"@id\":\"https:\/\/intbas.com\/bioreactors\/#primaryimage\",\"url\":\"http:\/\/intbas.com\/wp-content\/uploads\/2021\/10\/Bioreactor-bc2.jpg\",\"contentUrl\":\"http:\/\/intbas.com\/wp-content\/uploads\/2021\/10\/Bioreactor-bc2.jpg\"},{\"@type\":\"BreadcrumbList\",\"@id\":\"https:\/\/intbas.com\/bioreactors\/#breadcrumb\",\"itemListElement\":[{\"@type\":\"ListItem\",\"position\":1,\"name\":\"Home\",\"item\":\"https:\/\/intbas.com\/?lang=en\"},{\"@type\":\"ListItem\",\"position\":2,\"name\":\"Bioreactors\"}]},{\"@type\":\"WebSite\",\"@id\":\"https:\/\/intbas.com\/#website\",\"url\":\"https:\/\/intbas.com\/\",\"name\":\"IntBas\",\"description\":\"Intelligence Based Systems\",\"potentialAction\":[{\"@type\":\"SearchAction\",\"target\":{\"@type\":\"EntryPoint\",\"urlTemplate\":\"https:\/\/intbas.com\/?s={search_term_string}\"},\"query-input\":{\"@type\":\"PropertyValueSpecification\",\"valueRequired\":true,\"valueName\":\"search_term_string\"}}],\"inLanguage\":\"sl-SI\"}]}<\/script>\n<!-- \/ Yoast SEO plugin. -->","yoast_head_json":{"title":"Bioreactors - IntBas","robots":{"index":"index","follow":"follow","max-snippet":"max-snippet:-1","max-image-preview":"max-image-preview:large","max-video-preview":"max-video-preview:-1"},"canonical":"https:\/\/intbas.com\/en\/bioreactors\/","og_locale":"en_GB","og_type":"article","og_title":"Bioreactors - IntBas","og_description":"Nudimo izdelavo bioreaktorjev po \u017eeljah kupca.&nbsp; Bioreaktor omogo\u010da popolnoma avtomatizirano [&hellip;]","og_url":"https:\/\/intbas.com\/en\/bioreactors\/","og_site_name":"IntBas","article_modified_time":"2025-11-13T10:36:43+00:00","og_image":[{"url":"http:\/\/intbas.com\/wp-content\/uploads\/2021\/10\/Bioreactor-bc2.jpg","type":"","width":"","height":""}],"twitter_card":"summary_large_image","twitter_misc":{"Estimated reading time":"2 minutes"},"schema":{"@context":"https:\/\/schema.org","@graph":[{"@type":"WebPage","@id":"https:\/\/intbas.com\/bioreactors\/","url":"https:\/\/intbas.com\/bioreactors\/","name":"Bioreactors - IntBas","isPartOf":{"@id":"https:\/\/intbas.com\/#website"},"primaryImageOfPage":{"@id":"https:\/\/intbas.com\/bioreactors\/#primaryimage"},"image":{"@id":"https:\/\/intbas.com\/bioreactors\/#primaryimage"},"thumbnailUrl":"http:\/\/intbas.com\/wp-content\/uploads\/2021\/10\/Bioreactor-bc2.jpg","datePublished":"2020-12-08T14:07:01+00:00","dateModified":"2025-11-13T10:36:43+00:00","breadcrumb":{"@id":"https:\/\/intbas.com\/bioreactors\/#breadcrumb"},"inLanguage":"sl-SI","potentialAction":[{"@type":"ReadAction","target":["https:\/\/intbas.com\/bioreactors\/"]}]},{"@type":"ImageObject","inLanguage":"sl-SI","@id":"https:\/\/intbas.com\/bioreactors\/#primaryimage","url":"http:\/\/intbas.com\/wp-content\/uploads\/2021\/10\/Bioreactor-bc2.jpg","contentUrl":"http:\/\/intbas.com\/wp-content\/uploads\/2021\/10\/Bioreactor-bc2.jpg"},{"@type":"BreadcrumbList","@id":"https:\/\/intbas.com\/bioreactors\/#breadcrumb","itemListElement":[{"@type":"ListItem","position":1,"name":"Home","item":"https:\/\/intbas.com\/?lang=en"},{"@type":"ListItem","position":2,"name":"Bioreactors"}]},{"@type":"WebSite","@id":"https:\/\/intbas.com\/#website","url":"https:\/\/intbas.com\/","name":"IntBas","description":"Intelligence Based Systems","potentialAction":[{"@type":"SearchAction","target":{"@type":"EntryPoint","urlTemplate":"https:\/\/intbas.com\/?s={search_term_string}"},"query-input":{"@type":"PropertyValueSpecification","valueRequired":true,"valueName":"search_term_string"}}],"inLanguage":"sl-SI"}]}},"_links":{"self":[{"href":"https:\/\/intbas.com\/en\/wp-json\/wp\/v2\/pages\/556","targetHints":{"allow":["GET"]}}],"collection":[{"href":"https:\/\/intbas.com\/en\/wp-json\/wp\/v2\/pages"}],"about":[{"href":"https:\/\/intbas.com\/en\/wp-json\/wp\/v2\/types\/page"}],"author":[{"embeddable":true,"href":"https:\/\/intbas.com\/en\/wp-json\/wp\/v2\/users\/1"}],"replies":[{"embeddable":true,"href":"https:\/\/intbas.com\/en\/wp-json\/wp\/v2\/comments?post=556"}],"version-history":[{"count":13,"href":"https:\/\/intbas.com\/en\/wp-json\/wp\/v2\/pages\/556\/revisions"}],"predecessor-version":[{"id":4343,"href":"https:\/\/intbas.com\/en\/wp-json\/wp\/v2\/pages\/556\/revisions\/4343"}],"wp:attachment":[{"href":"https:\/\/intbas.com\/en\/wp-json\/wp\/v2\/media?parent=556"}],"curies":[{"name":"wp","href":"https:\/\/api.w.org\/{rel}","templated":true}]}}