{"id":697,"date":"2020-12-08T13:08:37","date_gmt":"2020-12-08T12:08:37","guid":{"rendered":"http:\/\/intbas.com\/?page_id=697"},"modified":"2021-01-15T15:48:47","modified_gmt":"2021-01-15T14:48:47","slug":"transportne-naprave","status":"publish","type":"page","link":"https:\/\/intbas.com\/en\/transportne-naprave\/","title":{"rendered":"Transportne naprave"},"content":{"rendered":"<div data-elementor-type=\"wp-post\" data-elementor-id=\"697\" class=\"elementor elementor-697\">\n\t\t\t\t\t\t<section class=\"elementor-section elementor-top-section elementor-element elementor-element-0edb57c elementor-section-boxed elementor-section-height-default elementor-section-height-default\" data-id=\"0edb57c\" data-element_type=\"section\">\n\t\t\t\t\t\t<div class=\"elementor-container elementor-column-gap-default\">\n\t\t\t\t\t<div class=\"elementor-column elementor-col-100 elementor-top-column elementor-element elementor-element-2a516d8\" data-id=\"2a516d8\" data-element_type=\"column\">\n\t\t\t<div class=\"elementor-widget-wrap elementor-element-populated\">\n\t\t\t\t\t\t<section class=\"elementor-section elementor-inner-section elementor-element elementor-element-3345433 elementor-section-boxed elementor-section-height-default elementor-section-height-default\" data-id=\"3345433\" data-element_type=\"section\">\n\t\t\t\t\t\t<div class=\"elementor-container elementor-column-gap-default\">\n\t\t\t\t\t<div class=\"elementor-column elementor-col-50 elementor-inner-column elementor-element elementor-element-c6c7708\" data-id=\"c6c7708\" data-element_type=\"column\">\n\t\t\t<div class=\"elementor-widget-wrap elementor-element-populated\">\n\t\t\t\t\t\t<div class=\"elementor-element elementor-element-aa5d8f3 elementor-widget elementor-widget-image\" data-id=\"aa5d8f3\" data-element_type=\"widget\" data-widget_type=\"image.default\">\n\t\t\t\t<div class=\"elementor-widget-container\">\n\t\t\t\t\t\t\t\t\t\t\t\t\t\t\t<img fetchpriority=\"high\" decoding=\"async\" width=\"692\" height=\"473\" src=\"https:\/\/intbas.com\/wp-content\/uploads\/2020\/12\/transporterji2bcg.png\" class=\"attachment-large size-large wp-image-699\" alt=\"\" srcset=\"https:\/\/intbas.com\/wp-content\/uploads\/2020\/12\/transporterji2bcg-200x137.png 200w, https:\/\/intbas.com\/wp-content\/uploads\/2020\/12\/transporterji2bcg-300x205.png 300w, https:\/\/intbas.com\/wp-content\/uploads\/2020\/12\/transporterji2bcg-400x273.png 400w, https:\/\/intbas.com\/wp-content\/uploads\/2020\/12\/transporterji2bcg-600x410.png 600w, https:\/\/intbas.com\/wp-content\/uploads\/2020\/12\/transporterji2bcg.png 692w\" sizes=\"(max-width: 692px) 100vw, 692px\" \/>\t\t\t\t\t\t\t\t\t\t\t\t\t\t\t<\/div>\n\t\t\t\t<\/div>\n\t\t\t\t\t<\/div>\n\t\t<\/div>\n\t\t\t\t<div class=\"elementor-column elementor-col-50 elementor-inner-column elementor-element elementor-element-1f771fd\" data-id=\"1f771fd\" data-element_type=\"column\">\n\t\t\t<div class=\"elementor-widget-wrap elementor-element-populated\">\n\t\t\t\t\t\t<div class=\"elementor-element elementor-element-8979b56 elementor-widget elementor-widget-text-editor\" data-id=\"8979b56\" data-element_type=\"widget\" data-widget_type=\"text-editor.default\">\n\t\t\t\t<div class=\"elementor-widget-container\">\n\t\t\t\t\t\t\t\t\t<p>Za transport kruha in pekovskih izdelkov med raznimi obdelovalnimi stroji oz. mesti v pekarni vam v podjetju Intbas nudimo najrazli\u010dnej\u0161e transporterje in premi\u010dne naprave glede na specifi\u010dne zahteve uporabe in \u017eelje naro\u010dnika.<\/p><p><strong>V sklop transportnih naprav v glavnem uvr\u0161\u010damo:<\/strong><\/p><ul><li>Ravninski transporterji<\/li><li>Krivinski transporterji<\/li><li>Transporterji z naklonom<\/li><li>Premi\u010dne naprave za vertikalni dvig proizvodov<\/li><\/ul><p style=\"text-align: left;\">\u00a0<\/p>\t\t\t\t\t\t\t\t<\/div>\n\t\t\t\t<\/div>\n\t\t\t\t\t<\/div>\n\t\t<\/div>\n\t\t\t\t\t<\/div>\n\t\t<\/section>\n\t\t\t\t\t<\/div>\n\t\t<\/div>\n\t\t\t\t\t<\/div>\n\t\t<\/section>\n\t\t\t\t<section class=\"elementor-section elementor-top-section elementor-element elementor-element-6e1888a elementor-section-boxed elementor-section-height-default elementor-section-height-default\" data-id=\"6e1888a\" data-element_type=\"section\">\n\t\t\t\t\t\t<div class=\"elementor-container elementor-column-gap-default\">\n\t\t\t\t\t<div class=\"elementor-column elementor-col-100 elementor-top-column elementor-element elementor-element-982fbb7\" data-id=\"982fbb7\" data-element_type=\"column\">\n\t\t\t<div class=\"elementor-widget-wrap elementor-element-populated\">\n\t\t\t\t\t\t<div class=\"elementor-element elementor-element-c50f2e7 elementor-widget elementor-widget-image\" data-id=\"c50f2e7\" data-element_type=\"widget\" data-widget_type=\"image.default\">\n\t\t\t\t<div class=\"elementor-widget-container\">\n\t\t\t\t\t\t\t\t\t\t\t\t<figure class=\"wp-caption\">\n\t\t\t\t\t\t\t\t\t\t<img decoding=\"async\" src=\"https:\/\/intbas.com\/wp-content\/uploads\/elementor\/thumbs\/Transporter-180-ozka1kqtz526940z75mvn2cuux8a8bqplf740b7co0.jpg\" title=\"Transporter-180\" alt=\"Transporter-180\" loading=\"lazy\" \/>\t\t\t\t\t\t\t\t\t\t\t<figcaption class=\"widget-image-caption wp-caption-text\">Krivinski transporter majhen radij 180 stopinjski<\/figcaption>\n\t\t\t\t\t\t\t\t\t\t<\/figure>\n\t\t\t\t\t\t\t\t\t<\/div>\n\t\t\t\t<\/div>\n\t\t\t\t<div class=\"elementor-element elementor-element-390fa52 elementor-widget elementor-widget-image\" data-id=\"390fa52\" data-element_type=\"widget\" data-widget_type=\"image.default\">\n\t\t\t\t<div class=\"elementor-widget-container\">\n\t\t\t\t\t\t\t\t\t\t\t\t<figure class=\"wp-caption\">\n\t\t\t\t\t\t\t\t\t\t<img decoding=\"async\" src=\"https:\/\/intbas.com\/wp-content\/uploads\/elementor\/thumbs\/Modul-belt-conveyor_1a-1024x553-ozka1gzh7swn95k6053f8xhwmi6lme3owo3tj4dw76.jpg\" title=\"Modul-belt-conveyor_1a-1024&#215;553\" alt=\"Modul-belt-conveyor_1a-1024x553\" loading=\"lazy\" \/>\t\t\t\t\t\t\t\t\t\t\t<figcaption class=\"widget-image-caption wp-caption-text\">Transport testa za torte v kartonasti embala\u017ei.<\/figcaption>\n\t\t\t\t\t\t\t\t\t\t<\/figure>\n\t\t\t\t\t\t\t\t\t<\/div>\n\t\t\t\t<\/div>\n\t\t\t\t<div class=\"elementor-element elementor-element-aa08c60 elementor-widget elementor-widget-image\" data-id=\"aa08c60\" data-element_type=\"widget\" data-widget_type=\"image.default\">\n\t\t\t\t<div class=\"elementor-widget-container\">\n\t\t\t\t\t\t\t\t\t\t\t\t<figure class=\"wp-caption\">\n\t\t\t\t\t\t\t\t\t\t<img decoding=\"async\" width=\"688\" height=\"1024\" src=\"https:\/\/intbas.com\/wp-content\/uploads\/2020\/12\/Capture-688x1024.jpg\" class=\"attachment-full size-full wp-image-705\" alt=\"\" srcset=\"https:\/\/intbas.com\/wp-content\/uploads\/2020\/12\/Capture-688x1024-200x298.jpg 200w, https:\/\/intbas.com\/wp-content\/uploads\/2020\/12\/Capture-688x1024-202x300.jpg 202w, https:\/\/intbas.com\/wp-content\/uploads\/2020\/12\/Capture-688x1024-400x595.jpg 400w, https:\/\/intbas.com\/wp-content\/uploads\/2020\/12\/Capture-688x1024-600x893.jpg 600w, https:\/\/intbas.com\/wp-content\/uploads\/2020\/12\/Capture-688x1024.jpg 688w\" sizes=\"(max-width: 688px) 100vw, 688px\" \/>\t\t\t\t\t\t\t\t\t\t\t<figcaption class=\"widget-image-caption wp-caption-text\">Sortirni transporter. Izdelke iz ene vrste postavlja v dve vrsti.<\/figcaption>\n\t\t\t\t\t\t\t\t\t\t<\/figure>\n\t\t\t\t\t\t\t\t\t<\/div>\n\t\t\t\t<\/div>\n\t\t\t\t<div class=\"elementor-element elementor-element-cb96fee elementor-widget elementor-widget-text-editor\" data-id=\"cb96fee\" data-element_type=\"widget\" data-widget_type=\"text-editor.default\">\n\t\t\t\t<div class=\"elementor-widget-container\">\n\t\t\t\t\t\t\t\t\t<p>Premi\u010dne naprave so primerne za\u00a0<strong>vse vrste izdelkov<\/strong>\u00a0kot npr. kaset, pladnjev oz. prostostoje\u010dih izdelkov. \u0160irina transportnega traku je poljubna, ki jo lahko s pomo\u010djo vzdol\u017enih vodil ustrezno, ro\u010dno ali avtomatsko reguliramo na \u017eeljeno \u0161irino produkta, pladnja ali kasete.<\/p><p>Ogrodje naprave iz\u00a0<strong>nerjave\u010dega jekla<\/strong>\u00a0je masivno in primerno za industrijsko dnevno\u00a0<strong>24 urno delovanje.\u00a0<\/strong>Naprava je standardno opremljena s SEW gonili, naro\u010dnik ima tudi mo\u017enost lastne izbire ustreznega ponudnika gonil. Naprave lahko delujejo avtonomno kot tudi sinhronizirano z ostalo opremo in stroji v pekarni.<\/p>\t\t\t\t\t\t\t\t<\/div>\n\t\t\t\t<\/div>\n\t\t\t\t\t<\/div>\n\t\t<\/div>\n\t\t\t\t\t<\/div>\n\t\t<\/section>\n\t\t\t\t<\/div>","protected":false},"excerpt":{"rendered":"<p>Za transport kruha in pekovskih izdelkov med raznimi obdelovalnimi stroji [&hellip;]<\/p>","protected":false},"author":1,"featured_media":0,"parent":0,"menu_order":0,"comment_status":"closed","ping_status":"closed","template":"","meta":{"footnotes":""},"class_list":["post-697","page","type-page","status-publish","hentry"],"yoast_head":"<!-- This site is optimized with the Yoast SEO plugin v26.7 - https:\/\/yoast.com\/wordpress\/plugins\/seo\/ -->\n<title>Transportne naprave - IntBas<\/title>\n<meta name=\"robots\" content=\"index, follow, max-snippet:-1, max-image-preview:large, max-video-preview:-1\" \/>\n<link rel=\"canonical\" href=\"https:\/\/intbas.com\/en\/transportne-naprave\/\" \/>\n<meta property=\"og:locale\" content=\"en_GB\" \/>\n<meta property=\"og:type\" content=\"article\" \/>\n<meta property=\"og:title\" content=\"Transportne naprave - IntBas\" \/>\n<meta property=\"og:description\" content=\"Za transport kruha in pekovskih izdelkov med raznimi obdelovalnimi stroji [&hellip;]\" \/>\n<meta property=\"og:url\" content=\"https:\/\/intbas.com\/en\/transportne-naprave\/\" \/>\n<meta property=\"og:site_name\" content=\"IntBas\" \/>\n<meta property=\"article:modified_time\" content=\"2021-01-15T14:48:47+00:00\" \/>\n<meta property=\"og:image\" content=\"http:\/\/intbas.com\/wp-content\/uploads\/2020\/12\/transporterji2bcg.png\" \/>\n<meta name=\"twitter:card\" content=\"summary_large_image\" \/>\n<meta name=\"twitter:label1\" content=\"Estimated reading time\" \/>\n\t<meta name=\"twitter:data1\" content=\"1 minute\" \/>\n<script type=\"application\/ld+json\" class=\"yoast-schema-graph\">{\"@context\":\"https:\/\/schema.org\",\"@graph\":[{\"@type\":\"WebPage\",\"@id\":\"https:\/\/intbas.com\/transportne-naprave\/\",\"url\":\"https:\/\/intbas.com\/transportne-naprave\/\",\"name\":\"Transportne naprave - IntBas\",\"isPartOf\":{\"@id\":\"https:\/\/intbas.com\/#website\"},\"primaryImageOfPage\":{\"@id\":\"https:\/\/intbas.com\/transportne-naprave\/#primaryimage\"},\"image\":{\"@id\":\"https:\/\/intbas.com\/transportne-naprave\/#primaryimage\"},\"thumbnailUrl\":\"http:\/\/intbas.com\/wp-content\/uploads\/2020\/12\/transporterji2bcg.png\",\"datePublished\":\"2020-12-08T12:08:37+00:00\",\"dateModified\":\"2021-01-15T14:48:47+00:00\",\"breadcrumb\":{\"@id\":\"https:\/\/intbas.com\/transportne-naprave\/#breadcrumb\"},\"inLanguage\":\"sl-SI\",\"potentialAction\":[{\"@type\":\"ReadAction\",\"target\":[\"https:\/\/intbas.com\/transportne-naprave\/\"]}]},{\"@type\":\"ImageObject\",\"inLanguage\":\"sl-SI\",\"@id\":\"https:\/\/intbas.com\/transportne-naprave\/#primaryimage\",\"url\":\"http:\/\/intbas.com\/wp-content\/uploads\/2020\/12\/transporterji2bcg.png\",\"contentUrl\":\"http:\/\/intbas.com\/wp-content\/uploads\/2020\/12\/transporterji2bcg.png\"},{\"@type\":\"BreadcrumbList\",\"@id\":\"https:\/\/intbas.com\/transportne-naprave\/#breadcrumb\",\"itemListElement\":[{\"@type\":\"ListItem\",\"position\":1,\"name\":\"Home\",\"item\":\"https:\/\/intbas.com\/?lang=en\"},{\"@type\":\"ListItem\",\"position\":2,\"name\":\"Transportne naprave\"}]},{\"@type\":\"WebSite\",\"@id\":\"https:\/\/intbas.com\/#website\",\"url\":\"https:\/\/intbas.com\/\",\"name\":\"IntBas\",\"description\":\"Intelligence Based Systems\",\"potentialAction\":[{\"@type\":\"SearchAction\",\"target\":{\"@type\":\"EntryPoint\",\"urlTemplate\":\"https:\/\/intbas.com\/?s={search_term_string}\"},\"query-input\":{\"@type\":\"PropertyValueSpecification\",\"valueRequired\":true,\"valueName\":\"search_term_string\"}}],\"inLanguage\":\"sl-SI\"}]}<\/script>\n<!-- \/ Yoast SEO plugin. -->","yoast_head_json":{"title":"Transportne naprave - IntBas","robots":{"index":"index","follow":"follow","max-snippet":"max-snippet:-1","max-image-preview":"max-image-preview:large","max-video-preview":"max-video-preview:-1"},"canonical":"https:\/\/intbas.com\/en\/transportne-naprave\/","og_locale":"en_GB","og_type":"article","og_title":"Transportne naprave - IntBas","og_description":"Za transport kruha in pekovskih izdelkov med raznimi obdelovalnimi stroji [&hellip;]","og_url":"https:\/\/intbas.com\/en\/transportne-naprave\/","og_site_name":"IntBas","article_modified_time":"2021-01-15T14:48:47+00:00","og_image":[{"url":"http:\/\/intbas.com\/wp-content\/uploads\/2020\/12\/transporterji2bcg.png","type":"","width":"","height":""}],"twitter_card":"summary_large_image","twitter_misc":{"Estimated reading time":"1 minute"},"schema":{"@context":"https:\/\/schema.org","@graph":[{"@type":"WebPage","@id":"https:\/\/intbas.com\/transportne-naprave\/","url":"https:\/\/intbas.com\/transportne-naprave\/","name":"Transportne naprave - IntBas","isPartOf":{"@id":"https:\/\/intbas.com\/#website"},"primaryImageOfPage":{"@id":"https:\/\/intbas.com\/transportne-naprave\/#primaryimage"},"image":{"@id":"https:\/\/intbas.com\/transportne-naprave\/#primaryimage"},"thumbnailUrl":"http:\/\/intbas.com\/wp-content\/uploads\/2020\/12\/transporterji2bcg.png","datePublished":"2020-12-08T12:08:37+00:00","dateModified":"2021-01-15T14:48:47+00:00","breadcrumb":{"@id":"https:\/\/intbas.com\/transportne-naprave\/#breadcrumb"},"inLanguage":"sl-SI","potentialAction":[{"@type":"ReadAction","target":["https:\/\/intbas.com\/transportne-naprave\/"]}]},{"@type":"ImageObject","inLanguage":"sl-SI","@id":"https:\/\/intbas.com\/transportne-naprave\/#primaryimage","url":"http:\/\/intbas.com\/wp-content\/uploads\/2020\/12\/transporterji2bcg.png","contentUrl":"http:\/\/intbas.com\/wp-content\/uploads\/2020\/12\/transporterji2bcg.png"},{"@type":"BreadcrumbList","@id":"https:\/\/intbas.com\/transportne-naprave\/#breadcrumb","itemListElement":[{"@type":"ListItem","position":1,"name":"Home","item":"https:\/\/intbas.com\/?lang=en"},{"@type":"ListItem","position":2,"name":"Transportne naprave"}]},{"@type":"WebSite","@id":"https:\/\/intbas.com\/#website","url":"https:\/\/intbas.com\/","name":"IntBas","description":"Intelligence Based Systems","potentialAction":[{"@type":"SearchAction","target":{"@type":"EntryPoint","urlTemplate":"https:\/\/intbas.com\/?s={search_term_string}"},"query-input":{"@type":"PropertyValueSpecification","valueRequired":true,"valueName":"search_term_string"}}],"inLanguage":"sl-SI"}]}},"_links":{"self":[{"href":"https:\/\/intbas.com\/en\/wp-json\/wp\/v2\/pages\/697","targetHints":{"allow":["GET"]}}],"collection":[{"href":"https:\/\/intbas.com\/en\/wp-json\/wp\/v2\/pages"}],"about":[{"href":"https:\/\/intbas.com\/en\/wp-json\/wp\/v2\/types\/page"}],"author":[{"embeddable":true,"href":"https:\/\/intbas.com\/en\/wp-json\/wp\/v2\/users\/1"}],"replies":[{"embeddable":true,"href":"https:\/\/intbas.com\/en\/wp-json\/wp\/v2\/comments?post=697"}],"version-history":[{"count":8,"href":"https:\/\/intbas.com\/en\/wp-json\/wp\/v2\/pages\/697\/revisions"}],"predecessor-version":[{"id":1151,"href":"https:\/\/intbas.com\/en\/wp-json\/wp\/v2\/pages\/697\/revisions\/1151"}],"wp:attachment":[{"href":"https:\/\/intbas.com\/en\/wp-json\/wp\/v2\/media?parent=697"}],"curies":[{"name":"wp","href":"https:\/\/api.w.org\/{rel}","templated":true}]}}