{"id":716,"date":"2020-12-08T14:44:59","date_gmt":"2020-12-08T13:44:59","guid":{"rendered":"http:\/\/intbas.com\/?page_id=716"},"modified":"2021-01-16T11:43:44","modified_gmt":"2021-01-16T10:43:44","slug":"polnjenje","status":"publish","type":"page","link":"https:\/\/intbas.com\/en\/polnjenje\/","title":{"rendered":"Polnilne naprave"},"content":{"rendered":"<div data-elementor-type=\"wp-post\" data-elementor-id=\"716\" class=\"elementor elementor-716\">\n\t\t\t\t\t\t<section class=\"elementor-section elementor-top-section elementor-element elementor-element-9fc88a3 elementor-section-boxed elementor-section-height-default elementor-section-height-default\" data-id=\"9fc88a3\" data-element_type=\"section\">\n\t\t\t\t\t\t<div class=\"elementor-container elementor-column-gap-default\">\n\t\t\t\t\t<div class=\"elementor-column elementor-col-100 elementor-top-column elementor-element elementor-element-812cd11\" data-id=\"812cd11\" data-element_type=\"column\">\n\t\t\t<div class=\"elementor-widget-wrap elementor-element-populated\">\n\t\t\t\t\t\t<div class=\"elementor-element elementor-element-66e418f elementor-widget elementor-widget-text-editor\" data-id=\"66e418f\" data-element_type=\"widget\" data-widget_type=\"text-editor.default\">\n\t\t\t\t<div class=\"elementor-widget-container\">\n\t\t\t\t\t\t\t\t\t<h6>Neglede na vrsto pe\u010di\u00a0 kot so: eno oz. ve\u010d eta\u017ena tunelska pe\u010d ali eno oz. ve\u010d eta\u017ena termo pe\u010d oljna vam v podjetju IntBas d.o.o. izdelamo polnilno napravo za avtomatsko polnjenje va\u0161ih izdelkov, ki so lahko na pladnjih, kasetah, raznih modelih ali prostostoje\u010di na transportnem traku.<\/h6>\t\t\t\t\t\t\t\t<\/div>\n\t\t\t\t<\/div>\n\t\t\t\t\t<\/div>\n\t\t<\/div>\n\t\t\t\t\t<\/div>\n\t\t<\/section>\n\t\t\t\t<section class=\"elementor-section elementor-top-section elementor-element elementor-element-b5c1dc6 elementor-section-boxed elementor-section-height-default elementor-section-height-default\" data-id=\"b5c1dc6\" data-element_type=\"section\">\n\t\t\t\t\t\t<div class=\"elementor-container elementor-column-gap-default\">\n\t\t\t\t\t<div class=\"elementor-column elementor-col-100 elementor-top-column elementor-element elementor-element-307235a\" data-id=\"307235a\" data-element_type=\"column\">\n\t\t\t<div class=\"elementor-widget-wrap elementor-element-populated\">\n\t\t\t\t\t\t<section class=\"elementor-section elementor-inner-section elementor-element elementor-element-bce2367 elementor-section-boxed elementor-section-height-default elementor-section-height-default\" data-id=\"bce2367\" data-element_type=\"section\">\n\t\t\t\t\t\t<div class=\"elementor-container elementor-column-gap-default\">\n\t\t\t\t\t<div class=\"elementor-column elementor-col-50 elementor-inner-column elementor-element elementor-element-050eed4\" data-id=\"050eed4\" data-element_type=\"column\">\n\t\t\t<div class=\"elementor-widget-wrap elementor-element-populated\">\n\t\t\t\t\t\t<div class=\"elementor-element elementor-element-bb9b212 elementor-widget elementor-widget-image\" data-id=\"bb9b212\" data-element_type=\"widget\" data-widget_type=\"image.default\">\n\t\t\t\t<div class=\"elementor-widget-container\">\n\t\t\t\t\t\t\t\t\t\t\t\t\t\t\t<img fetchpriority=\"high\" decoding=\"async\" width=\"1024\" height=\"768\" src=\"https:\/\/intbas.com\/wp-content\/uploads\/2020\/12\/loadergeneral-obdelanaweb-1024x768-1024x768.jpg\" class=\"attachment-large size-large wp-image-718\" alt=\"\" srcset=\"https:\/\/intbas.com\/wp-content\/uploads\/2020\/12\/loadergeneral-obdelanaweb-1024x768-200x150.jpg 200w, https:\/\/intbas.com\/wp-content\/uploads\/2020\/12\/loadergeneral-obdelanaweb-1024x768-300x225.jpg 300w, https:\/\/intbas.com\/wp-content\/uploads\/2020\/12\/loadergeneral-obdelanaweb-1024x768-400x300.jpg 400w, https:\/\/intbas.com\/wp-content\/uploads\/2020\/12\/loadergeneral-obdelanaweb-1024x768-600x450.jpg 600w, https:\/\/intbas.com\/wp-content\/uploads\/2020\/12\/loadergeneral-obdelanaweb-1024x768-768x576.jpg 768w, https:\/\/intbas.com\/wp-content\/uploads\/2020\/12\/loadergeneral-obdelanaweb-1024x768-800x600.jpg 800w, https:\/\/intbas.com\/wp-content\/uploads\/2020\/12\/loadergeneral-obdelanaweb-1024x768.jpg 1024w\" sizes=\"(max-width: 1024px) 100vw, 1024px\" \/>\t\t\t\t\t\t\t\t\t\t\t\t\t\t\t<\/div>\n\t\t\t\t<\/div>\n\t\t\t\t\t<\/div>\n\t\t<\/div>\n\t\t\t\t<div class=\"elementor-column elementor-col-50 elementor-inner-column elementor-element elementor-element-2cc60e6\" data-id=\"2cc60e6\" data-element_type=\"column\">\n\t\t\t<div class=\"elementor-widget-wrap elementor-element-populated\">\n\t\t\t\t\t\t<div class=\"elementor-element elementor-element-13c11d8 elementor-widget elementor-widget-text-editor\" data-id=\"13c11d8\" data-element_type=\"widget\" data-widget_type=\"text-editor.default\">\n\t\t\t\t<div class=\"elementor-widget-container\">\n\t\t\t\t\t\t\t\t\t<p><strong>Zna\u010dilnosti:<\/strong><\/p>\t\t\t\t\t\t\t\t<\/div>\n\t\t\t\t<\/div>\n\t\t\t\t<div class=\"elementor-element elementor-element-b56cef3 elementor-icon-list--layout-traditional elementor-list-item-link-full_width elementor-widget elementor-widget-icon-list\" data-id=\"b56cef3\" data-element_type=\"widget\" data-widget_type=\"icon-list.default\">\n\t\t\t\t<div class=\"elementor-widget-container\">\n\t\t\t\t\t\t\t<ul class=\"elementor-icon-list-items\">\n\t\t\t\t\t\t\t<li class=\"elementor-icon-list-item\">\n\t\t\t\t\t\t\t\t\t\t\t<span class=\"elementor-icon-list-icon\">\n\t\t\t\t\t\t\t<i aria-hidden=\"true\" class=\"fas fa-check-circle\"><\/i>\t\t\t\t\t\t<\/span>\n\t\t\t\t\t\t\t\t\t\t<span class=\"elementor-icon-list-text\">Izdelano iz nerjave\u010dega materiala<\/span>\n\t\t\t\t\t\t\t\t\t<\/li>\n\t\t\t\t\t\t\t\t<li class=\"elementor-icon-list-item\">\n\t\t\t\t\t\t\t\t\t\t\t<span class=\"elementor-icon-list-icon\">\n\t\t\t\t\t\t\t<i aria-hidden=\"true\" class=\"fas fa-check-circle\"><\/i>\t\t\t\t\t\t<\/span>\n\t\t\t\t\t\t\t\t\t\t<span class=\"elementor-icon-list-text\">Izjemna vzdr\u017eljivost namenjeno za industrijska okolja za 24 urno delovanje<\/span>\n\t\t\t\t\t\t\t\t\t<\/li>\n\t\t\t\t\t\t\t\t<li class=\"elementor-icon-list-item\">\n\t\t\t\t\t\t\t\t\t\t\t<span class=\"elementor-icon-list-icon\">\n\t\t\t\t\t\t\t<i aria-hidden=\"true\" class=\"fas fa-check-circle\"><\/i>\t\t\t\t\t\t<\/span>\n\t\t\t\t\t\t\t\t\t\t<span class=\"elementor-icon-list-text\">Avtomatizirano delovanje<\/span>\n\t\t\t\t\t\t\t\t\t<\/li>\n\t\t\t\t\t\t\t\t<li class=\"elementor-icon-list-item\">\n\t\t\t\t\t\t\t\t\t\t\t<span class=\"elementor-icon-list-icon\">\n\t\t\t\t\t\t\t<i aria-hidden=\"true\" class=\"fas fa-check-circle\"><\/i>\t\t\t\t\t\t<\/span>\n\t\t\t\t\t\t\t\t\t\t<span class=\"elementor-icon-list-text\">Popolna sinhronizacija s pe\u010djo in ostalim delom linije<\/span>\n\t\t\t\t\t\t\t\t\t<\/li>\n\t\t\t\t\t\t\t\t<li class=\"elementor-icon-list-item\">\n\t\t\t\t\t\t\t\t\t\t\t<span class=\"elementor-icon-list-icon\">\n\t\t\t\t\t\t\t<i aria-hidden=\"true\" class=\"fas fa-check-circle\"><\/i>\t\t\t\t\t\t<\/span>\n\t\t\t\t\t\t\t\t\t\t<span class=\"elementor-icon-list-text\">Krmilniki Allen Bradley, Siemens ali Omron, na specifi\u010dno \u017eeljo pa lahko vgradimo tudi ostale kompatibilne krmilnike<\/span>\n\t\t\t\t\t\t\t\t\t<\/li>\n\t\t\t\t\t\t\t\t<li class=\"elementor-icon-list-item\">\n\t\t\t\t\t\t\t\t\t\t\t<span class=\"elementor-icon-list-icon\">\n\t\t\t\t\t\t\t<i aria-hidden=\"true\" class=\"fas fa-check-circle\"><\/i>\t\t\t\t\t\t<\/span>\n\t\t\t\t\t\t\t\t\t\t<span class=\"elementor-icon-list-text\">Oprema izpolnjuje higienske EU in FDA standarde za podro\u010dje prehrane<\/span>\n\t\t\t\t\t\t\t\t\t<\/li>\n\t\t\t\t\t\t\t\t<li class=\"elementor-icon-list-item\">\n\t\t\t\t\t\t\t\t\t\t\t<span class=\"elementor-icon-list-icon\">\n\t\t\t\t\t\t\t<i aria-hidden=\"true\" class=\"fas fa-check-circle\"><\/i>\t\t\t\t\t\t<\/span>\n\t\t\t\t\t\t\t\t\t\t<span class=\"elementor-icon-list-text\">Oprema ustreza zahtevam standardov CE, UL, CUL<\/span>\n\t\t\t\t\t\t\t\t\t<\/li>\n\t\t\t\t\t\t\t\t<li class=\"elementor-icon-list-item\">\n\t\t\t\t\t\t\t\t\t\t\t<span class=\"elementor-icon-list-icon\">\n\t\t\t\t\t\t\t<i aria-hidden=\"true\" class=\"fas fa-check-circle\"><\/i>\t\t\t\t\t\t<\/span>\n\t\t\t\t\t\t\t\t\t\t<span class=\"elementor-icon-list-text\">Oprema pripravljena za Industry 4.0 povezljivost<\/span>\n\t\t\t\t\t\t\t\t\t<\/li>\n\t\t\t\t\t\t<\/ul>\n\t\t\t\t\t\t<\/div>\n\t\t\t\t<\/div>\n\t\t\t\t\t<\/div>\n\t\t<\/div>\n\t\t\t\t\t<\/div>\n\t\t<\/section>\n\t\t\t\t\t<\/div>\n\t\t<\/div>\n\t\t\t\t\t<\/div>\n\t\t<\/section>\n\t\t\t\t<section class=\"elementor-section elementor-top-section elementor-element elementor-element-c33c0ee elementor-section-boxed elementor-section-height-default elementor-section-height-default\" data-id=\"c33c0ee\" data-element_type=\"section\">\n\t\t\t\t\t\t<div class=\"elementor-container elementor-column-gap-default\">\n\t\t\t\t\t<div class=\"elementor-column elementor-col-100 elementor-top-column elementor-element elementor-element-495376e\" data-id=\"495376e\" data-element_type=\"column\">\n\t\t\t<div class=\"elementor-widget-wrap elementor-element-populated\">\n\t\t\t\t\t\t<div class=\"elementor-element elementor-element-973b183 elementor-widget-divider--view-line elementor-widget elementor-widget-divider\" data-id=\"973b183\" data-element_type=\"widget\" data-widget_type=\"divider.default\">\n\t\t\t\t<div class=\"elementor-widget-container\">\n\t\t\t\t\t\t\t<div class=\"elementor-divider\">\n\t\t\t<span class=\"elementor-divider-separator\">\n\t\t\t\t\t\t<\/span>\n\t\t<\/div>\n\t\t\t\t\t\t<\/div>\n\t\t\t\t<\/div>\n\t\t\t\t\t<\/div>\n\t\t<\/div>\n\t\t\t\t\t<\/div>\n\t\t<\/section>\n\t\t\t\t<section class=\"elementor-section elementor-top-section elementor-element elementor-element-0bdb596 elementor-section-boxed elementor-section-height-default elementor-section-height-default\" data-id=\"0bdb596\" data-element_type=\"section\">\n\t\t\t\t\t\t<div class=\"elementor-container elementor-column-gap-default\">\n\t\t\t\t\t<div class=\"elementor-column elementor-col-100 elementor-top-column elementor-element elementor-element-52d777d\" data-id=\"52d777d\" data-element_type=\"column\">\n\t\t\t<div class=\"elementor-widget-wrap elementor-element-populated\">\n\t\t\t\t\t\t<div class=\"elementor-element elementor-element-4238403 elementor-widget elementor-widget-heading\" data-id=\"4238403\" data-element_type=\"widget\" data-widget_type=\"heading.default\">\n\t\t\t\t<div class=\"elementor-widget-container\">\n\t\t\t\t\t<h2 class=\"elementor-heading-title elementor-size-default\">Polnilna naprava za pladnje (peelboarde) ter prosto ope\u010dene izdelke<\/h2>\t\t\t\t<\/div>\n\t\t\t\t<\/div>\n\t\t\t\t\t<\/div>\n\t\t<\/div>\n\t\t\t\t\t<\/div>\n\t\t<\/section>\n\t\t\t\t<section class=\"elementor-section elementor-top-section elementor-element elementor-element-1d800cc elementor-section-boxed elementor-section-height-default elementor-section-height-default\" data-id=\"1d800cc\" data-element_type=\"section\">\n\t\t\t\t\t\t<div class=\"elementor-container elementor-column-gap-default\">\n\t\t\t\t\t<div class=\"elementor-column elementor-col-100 elementor-top-column elementor-element elementor-element-6ee07cf\" data-id=\"6ee07cf\" data-element_type=\"column\">\n\t\t\t<div class=\"elementor-widget-wrap elementor-element-populated\">\n\t\t\t\t\t\t<section class=\"elementor-section elementor-inner-section elementor-element elementor-element-3f614fd elementor-section-boxed elementor-section-height-default elementor-section-height-default\" data-id=\"3f614fd\" data-element_type=\"section\">\n\t\t\t\t\t\t<div class=\"elementor-container elementor-column-gap-default\">\n\t\t\t\t\t<div class=\"elementor-column elementor-col-50 elementor-inner-column elementor-element elementor-element-9e16975\" data-id=\"9e16975\" data-element_type=\"column\">\n\t\t\t<div class=\"elementor-widget-wrap elementor-element-populated\">\n\t\t\t\t\t\t<div class=\"elementor-element elementor-element-f72bedd elementor-widget elementor-widget-image\" data-id=\"f72bedd\" data-element_type=\"widget\" data-widget_type=\"image.default\">\n\t\t\t\t<div class=\"elementor-widget-container\">\n\t\t\t\t\t\t\t\t\t\t\t\t\t\t\t<img decoding=\"async\" width=\"725\" height=\"473\" src=\"https:\/\/intbas.com\/wp-content\/uploads\/2020\/12\/ozadje-loading-row2-1024x473-Copy.jpg\" class=\"attachment-large size-large wp-image-728\" alt=\"\" srcset=\"https:\/\/intbas.com\/wp-content\/uploads\/2020\/12\/ozadje-loading-row2-1024x473-Copy-200x130.jpg 200w, https:\/\/intbas.com\/wp-content\/uploads\/2020\/12\/ozadje-loading-row2-1024x473-Copy-300x196.jpg 300w, https:\/\/intbas.com\/wp-content\/uploads\/2020\/12\/ozadje-loading-row2-1024x473-Copy-400x261.jpg 400w, https:\/\/intbas.com\/wp-content\/uploads\/2020\/12\/ozadje-loading-row2-1024x473-Copy-600x391.jpg 600w, https:\/\/intbas.com\/wp-content\/uploads\/2020\/12\/ozadje-loading-row2-1024x473-Copy.jpg 725w\" sizes=\"(max-width: 725px) 100vw, 725px\" \/>\t\t\t\t\t\t\t\t\t\t\t\t\t\t\t<\/div>\n\t\t\t\t<\/div>\n\t\t\t\t\t<\/div>\n\t\t<\/div>\n\t\t\t\t<div class=\"elementor-column elementor-col-50 elementor-inner-column elementor-element elementor-element-0ee15d5\" data-id=\"0ee15d5\" data-element_type=\"column\">\n\t\t\t<div class=\"elementor-widget-wrap elementor-element-populated\">\n\t\t\t\t\t\t<div class=\"elementor-element elementor-element-48d479b elementor-widget elementor-widget-text-editor\" data-id=\"48d479b\" data-element_type=\"widget\" data-widget_type=\"text-editor.default\">\n\t\t\t\t<div class=\"elementor-widget-container\">\n\t\t\t\t\t\t\t\t\t<p>V pekarnah kjer se testo transportira preko pladnjev oz. peelboardov kot tudi prosto pe\u010denih izdelkov je polnjenje pe\u010di izvedeno preko polnilne naprave z za\u0161iljenim nosom, ki izdelke prevzame iz pladnja oz. peelboarda ter jih polo\u017ei na transportni trak pe\u010di. S pomo\u010djo prilagodljive pnevmatike, ki uravnava vi\u0161ino nosu predajnega transporterja lahko izdelke polo\u017eimo na trak pe\u010di kot so bili prvotno dostavljeni oz. jih s preobra\u010danjem, na trak polo\u017eimo v pravilni legi za peko (primer kaj\u017earice).<\/p><p>Prednost naprave je, da na \u017eeljo naro\u010dnika lahko omogo\u010da kombinirano polnjenje in sicer pladnjev \/ prosto ope\u010denih izdelkov kot tudi kaset.<\/p><p>Polnilna naprava je mobilna zato uporabniku omogo\u010da odmik od pe\u010di in s tem prost dostop do ro\u010dnega polnjenja pe\u010di s poljubnimi izdelki, vzdr\u017eevanja in \u010di\u0161\u010denja.<\/p><p>Naprava lahko deluje popolnoma avtomatsko s sinhronizacijo z obstoje\u010do opremo kot tudi delno avtomatsko z ro\u010dnim polnjenjem izdelkov na vstopni transporter.<\/p>\t\t\t\t\t\t\t\t<\/div>\n\t\t\t\t<\/div>\n\t\t\t\t\t<\/div>\n\t\t<\/div>\n\t\t\t\t\t<\/div>\n\t\t<\/section>\n\t\t\t\t<div class=\"elementor-element elementor-element-3c6426d elementor-widget-divider--view-line elementor-widget elementor-widget-divider\" data-id=\"3c6426d\" data-element_type=\"widget\" data-widget_type=\"divider.default\">\n\t\t\t\t<div class=\"elementor-widget-container\">\n\t\t\t\t\t\t\t<div class=\"elementor-divider\">\n\t\t\t<span class=\"elementor-divider-separator\">\n\t\t\t\t\t\t<\/span>\n\t\t<\/div>\n\t\t\t\t\t\t<\/div>\n\t\t\t\t<\/div>\n\t\t\t\t\t<\/div>\n\t\t<\/div>\n\t\t\t\t\t<\/div>\n\t\t<\/section>\n\t\t\t\t<section class=\"elementor-section elementor-top-section elementor-element elementor-element-2bf715b elementor-section-boxed elementor-section-height-default elementor-section-height-default\" data-id=\"2bf715b\" data-element_type=\"section\">\n\t\t\t\t\t\t<div class=\"elementor-container elementor-column-gap-default\">\n\t\t\t\t\t<div class=\"elementor-column elementor-col-100 elementor-top-column elementor-element elementor-element-b739bc2\" data-id=\"b739bc2\" data-element_type=\"column\">\n\t\t\t<div class=\"elementor-widget-wrap elementor-element-populated\">\n\t\t\t\t\t\t<div class=\"elementor-element elementor-element-a414be7 elementor-widget elementor-widget-heading\" data-id=\"a414be7\" data-element_type=\"widget\" data-widget_type=\"heading.default\">\n\t\t\t\t<div class=\"elementor-widget-container\">\n\t\t\t\t\t<h2 class=\"elementor-heading-title elementor-size-default\">Polnilna naprava za kasete, pite, torte<\/h2>\t\t\t\t<\/div>\n\t\t\t\t<\/div>\n\t\t\t\t\t<\/div>\n\t\t<\/div>\n\t\t\t\t\t<\/div>\n\t\t<\/section>\n\t\t\t\t<section class=\"elementor-section elementor-top-section elementor-element elementor-element-a7f6244 elementor-section-boxed elementor-section-height-default elementor-section-height-default\" data-id=\"a7f6244\" data-element_type=\"section\">\n\t\t\t\t\t\t<div class=\"elementor-container elementor-column-gap-default\">\n\t\t\t\t\t<div class=\"elementor-column elementor-col-100 elementor-top-column elementor-element elementor-element-52c15e0\" data-id=\"52c15e0\" data-element_type=\"column\">\n\t\t\t<div class=\"elementor-widget-wrap elementor-element-populated\">\n\t\t\t\t\t\t<section class=\"elementor-section elementor-inner-section elementor-element elementor-element-3986719 elementor-section-boxed elementor-section-height-default elementor-section-height-default\" data-id=\"3986719\" data-element_type=\"section\">\n\t\t\t\t\t\t<div class=\"elementor-container elementor-column-gap-default\">\n\t\t\t\t\t<div class=\"elementor-column elementor-col-50 elementor-inner-column elementor-element elementor-element-97b9c30\" data-id=\"97b9c30\" data-element_type=\"column\">\n\t\t\t<div class=\"elementor-widget-wrap elementor-element-populated\">\n\t\t\t\t\t\t<div class=\"elementor-element elementor-element-998daf5 elementor-widget elementor-widget-text-editor\" data-id=\"998daf5\" data-element_type=\"widget\" data-widget_type=\"text-editor.default\">\n\t\t\t\t<div class=\"elementor-widget-container\">\n\t\t\t\t\t\t\t\t\t<p>Naprava preko vodil z motornim pogonom potisne produkte na transportni trak pe\u010di. Potisna letev\u00a0 se po potrebi dviguje in spu\u0161\u010da s pomo\u010djo pnevmatike.\u00a0 Potisna letev je po potrebi prilagojena na premer oz. obliko kasete\/modela, kar omogo\u010da ne\u017een prehod v pe\u010dni prostor.<\/p>\t\t\t\t\t\t\t\t<\/div>\n\t\t\t\t<\/div>\n\t\t\t\t\t<\/div>\n\t\t<\/div>\n\t\t\t\t<div class=\"elementor-column elementor-col-50 elementor-inner-column elementor-element elementor-element-9a6ee9e\" data-id=\"9a6ee9e\" data-element_type=\"column\">\n\t\t\t<div class=\"elementor-widget-wrap elementor-element-populated\">\n\t\t\t\t\t\t<div class=\"elementor-element elementor-element-9273bc6 elementor-widget elementor-widget-image\" data-id=\"9273bc6\" data-element_type=\"widget\" data-widget_type=\"image.default\">\n\t\t\t\t<div class=\"elementor-widget-container\">\n\t\t\t\t\t\t\t\t\t\t\t\t\t\t\t<img decoding=\"async\" width=\"677\" height=\"473\" src=\"https:\/\/intbas.com\/wp-content\/uploads\/2020\/12\/polnilnakasete-torte2.jpg\" class=\"attachment-large size-large wp-image-730\" alt=\"\" srcset=\"https:\/\/intbas.com\/wp-content\/uploads\/2020\/12\/polnilnakasete-torte2-200x140.jpg 200w, https:\/\/intbas.com\/wp-content\/uploads\/2020\/12\/polnilnakasete-torte2-300x210.jpg 300w, https:\/\/intbas.com\/wp-content\/uploads\/2020\/12\/polnilnakasete-torte2-400x279.jpg 400w, https:\/\/intbas.com\/wp-content\/uploads\/2020\/12\/polnilnakasete-torte2-600x419.jpg 600w, https:\/\/intbas.com\/wp-content\/uploads\/2020\/12\/polnilnakasete-torte2.jpg 677w\" sizes=\"(max-width: 677px) 100vw, 677px\" \/>\t\t\t\t\t\t\t\t\t\t\t\t\t\t\t<\/div>\n\t\t\t\t<\/div>\n\t\t\t\t\t<\/div>\n\t\t<\/div>\n\t\t\t\t\t<\/div>\n\t\t<\/section>\n\t\t\t\t<div class=\"elementor-element elementor-element-7f4b4ee elementor-widget-divider--view-line elementor-widget elementor-widget-divider\" data-id=\"7f4b4ee\" data-element_type=\"widget\" data-widget_type=\"divider.default\">\n\t\t\t\t<div class=\"elementor-widget-container\">\n\t\t\t\t\t\t\t<div class=\"elementor-divider\">\n\t\t\t<span class=\"elementor-divider-separator\">\n\t\t\t\t\t\t<\/span>\n\t\t<\/div>\n\t\t\t\t\t\t<\/div>\n\t\t\t\t<\/div>\n\t\t\t\t\t<\/div>\n\t\t<\/div>\n\t\t\t\t\t<\/div>\n\t\t<\/section>\n\t\t\t\t<\/div>","protected":false},"excerpt":{"rendered":"<p>Neglede na vrsto pe\u010di\u00a0 kot so: eno oz. ve\u010d eta\u017ena [&hellip;]<\/p>","protected":false},"author":1,"featured_media":0,"parent":0,"menu_order":0,"comment_status":"closed","ping_status":"closed","template":"","meta":{"footnotes":""},"class_list":["post-716","page","type-page","status-publish","hentry"],"yoast_head":"<!-- This site is optimized with the Yoast SEO plugin v26.7 - https:\/\/yoast.com\/wordpress\/plugins\/seo\/ -->\n<title>Polnilne naprave - IntBas<\/title>\n<meta name=\"robots\" content=\"index, follow, max-snippet:-1, max-image-preview:large, max-video-preview:-1\" \/>\n<link rel=\"canonical\" href=\"https:\/\/intbas.com\/en\/polnjenje\/\" \/>\n<meta property=\"og:locale\" content=\"en_GB\" \/>\n<meta property=\"og:type\" content=\"article\" \/>\n<meta property=\"og:title\" content=\"Polnilne naprave - IntBas\" \/>\n<meta property=\"og:description\" content=\"Neglede na vrsto pe\u010di\u00a0 kot so: eno oz. ve\u010d eta\u017ena [&hellip;]\" \/>\n<meta property=\"og:url\" content=\"https:\/\/intbas.com\/en\/polnjenje\/\" \/>\n<meta property=\"og:site_name\" content=\"IntBas\" \/>\n<meta property=\"article:modified_time\" content=\"2021-01-16T10:43:44+00:00\" \/>\n<meta property=\"og:image\" content=\"http:\/\/intbas.com\/wp-content\/uploads\/2020\/12\/loadergeneral-obdelanaweb-1024x768-1024x768.jpg\" \/>\n<meta name=\"twitter:card\" content=\"summary_large_image\" \/>\n<meta name=\"twitter:label1\" content=\"Estimated reading time\" \/>\n\t<meta name=\"twitter:data1\" content=\"2 minutes\" \/>\n<script type=\"application\/ld+json\" class=\"yoast-schema-graph\">{\"@context\":\"https:\/\/schema.org\",\"@graph\":[{\"@type\":\"WebPage\",\"@id\":\"https:\/\/intbas.com\/polnjenje\/\",\"url\":\"https:\/\/intbas.com\/polnjenje\/\",\"name\":\"Polnilne naprave - IntBas\",\"isPartOf\":{\"@id\":\"https:\/\/intbas.com\/#website\"},\"primaryImageOfPage\":{\"@id\":\"https:\/\/intbas.com\/polnjenje\/#primaryimage\"},\"image\":{\"@id\":\"https:\/\/intbas.com\/polnjenje\/#primaryimage\"},\"thumbnailUrl\":\"http:\/\/intbas.com\/wp-content\/uploads\/2020\/12\/loadergeneral-obdelanaweb-1024x768-1024x768.jpg\",\"datePublished\":\"2020-12-08T13:44:59+00:00\",\"dateModified\":\"2021-01-16T10:43:44+00:00\",\"breadcrumb\":{\"@id\":\"https:\/\/intbas.com\/polnjenje\/#breadcrumb\"},\"inLanguage\":\"sl-SI\",\"potentialAction\":[{\"@type\":\"ReadAction\",\"target\":[\"https:\/\/intbas.com\/polnjenje\/\"]}]},{\"@type\":\"ImageObject\",\"inLanguage\":\"sl-SI\",\"@id\":\"https:\/\/intbas.com\/polnjenje\/#primaryimage\",\"url\":\"http:\/\/intbas.com\/wp-content\/uploads\/2020\/12\/loadergeneral-obdelanaweb-1024x768-1024x768.jpg\",\"contentUrl\":\"http:\/\/intbas.com\/wp-content\/uploads\/2020\/12\/loadergeneral-obdelanaweb-1024x768-1024x768.jpg\"},{\"@type\":\"BreadcrumbList\",\"@id\":\"https:\/\/intbas.com\/polnjenje\/#breadcrumb\",\"itemListElement\":[{\"@type\":\"ListItem\",\"position\":1,\"name\":\"Home\",\"item\":\"https:\/\/intbas.com\/?lang=en\"},{\"@type\":\"ListItem\",\"position\":2,\"name\":\"Polnilne naprave\"}]},{\"@type\":\"WebSite\",\"@id\":\"https:\/\/intbas.com\/#website\",\"url\":\"https:\/\/intbas.com\/\",\"name\":\"IntBas\",\"description\":\"Intelligence Based Systems\",\"potentialAction\":[{\"@type\":\"SearchAction\",\"target\":{\"@type\":\"EntryPoint\",\"urlTemplate\":\"https:\/\/intbas.com\/?s={search_term_string}\"},\"query-input\":{\"@type\":\"PropertyValueSpecification\",\"valueRequired\":true,\"valueName\":\"search_term_string\"}}],\"inLanguage\":\"sl-SI\"}]}<\/script>\n<!-- \/ Yoast SEO plugin. -->","yoast_head_json":{"title":"Polnilne naprave - IntBas","robots":{"index":"index","follow":"follow","max-snippet":"max-snippet:-1","max-image-preview":"max-image-preview:large","max-video-preview":"max-video-preview:-1"},"canonical":"https:\/\/intbas.com\/en\/polnjenje\/","og_locale":"en_GB","og_type":"article","og_title":"Polnilne naprave - IntBas","og_description":"Neglede na vrsto pe\u010di\u00a0 kot so: eno oz. ve\u010d eta\u017ena [&hellip;]","og_url":"https:\/\/intbas.com\/en\/polnjenje\/","og_site_name":"IntBas","article_modified_time":"2021-01-16T10:43:44+00:00","og_image":[{"url":"http:\/\/intbas.com\/wp-content\/uploads\/2020\/12\/loadergeneral-obdelanaweb-1024x768-1024x768.jpg","type":"","width":"","height":""}],"twitter_card":"summary_large_image","twitter_misc":{"Estimated reading time":"2 minutes"},"schema":{"@context":"https:\/\/schema.org","@graph":[{"@type":"WebPage","@id":"https:\/\/intbas.com\/polnjenje\/","url":"https:\/\/intbas.com\/polnjenje\/","name":"Polnilne naprave - IntBas","isPartOf":{"@id":"https:\/\/intbas.com\/#website"},"primaryImageOfPage":{"@id":"https:\/\/intbas.com\/polnjenje\/#primaryimage"},"image":{"@id":"https:\/\/intbas.com\/polnjenje\/#primaryimage"},"thumbnailUrl":"http:\/\/intbas.com\/wp-content\/uploads\/2020\/12\/loadergeneral-obdelanaweb-1024x768-1024x768.jpg","datePublished":"2020-12-08T13:44:59+00:00","dateModified":"2021-01-16T10:43:44+00:00","breadcrumb":{"@id":"https:\/\/intbas.com\/polnjenje\/#breadcrumb"},"inLanguage":"sl-SI","potentialAction":[{"@type":"ReadAction","target":["https:\/\/intbas.com\/polnjenje\/"]}]},{"@type":"ImageObject","inLanguage":"sl-SI","@id":"https:\/\/intbas.com\/polnjenje\/#primaryimage","url":"http:\/\/intbas.com\/wp-content\/uploads\/2020\/12\/loadergeneral-obdelanaweb-1024x768-1024x768.jpg","contentUrl":"http:\/\/intbas.com\/wp-content\/uploads\/2020\/12\/loadergeneral-obdelanaweb-1024x768-1024x768.jpg"},{"@type":"BreadcrumbList","@id":"https:\/\/intbas.com\/polnjenje\/#breadcrumb","itemListElement":[{"@type":"ListItem","position":1,"name":"Home","item":"https:\/\/intbas.com\/?lang=en"},{"@type":"ListItem","position":2,"name":"Polnilne naprave"}]},{"@type":"WebSite","@id":"https:\/\/intbas.com\/#website","url":"https:\/\/intbas.com\/","name":"IntBas","description":"Intelligence Based Systems","potentialAction":[{"@type":"SearchAction","target":{"@type":"EntryPoint","urlTemplate":"https:\/\/intbas.com\/?s={search_term_string}"},"query-input":{"@type":"PropertyValueSpecification","valueRequired":true,"valueName":"search_term_string"}}],"inLanguage":"sl-SI"}]}},"_links":{"self":[{"href":"https:\/\/intbas.com\/en\/wp-json\/wp\/v2\/pages\/716","targetHints":{"allow":["GET"]}}],"collection":[{"href":"https:\/\/intbas.com\/en\/wp-json\/wp\/v2\/pages"}],"about":[{"href":"https:\/\/intbas.com\/en\/wp-json\/wp\/v2\/types\/page"}],"author":[{"embeddable":true,"href":"https:\/\/intbas.com\/en\/wp-json\/wp\/v2\/users\/1"}],"replies":[{"embeddable":true,"href":"https:\/\/intbas.com\/en\/wp-json\/wp\/v2\/comments?post=716"}],"version-history":[{"count":12,"href":"https:\/\/intbas.com\/en\/wp-json\/wp\/v2\/pages\/716\/revisions"}],"predecessor-version":[{"id":1174,"href":"https:\/\/intbas.com\/en\/wp-json\/wp\/v2\/pages\/716\/revisions\/1174"}],"wp:attachment":[{"href":"https:\/\/intbas.com\/en\/wp-json\/wp\/v2\/media?parent=716"}],"curies":[{"name":"wp","href":"https:\/\/api.w.org\/{rel}","templated":true}]}}