{"id":750,"date":"2020-12-09T10:14:05","date_gmt":"2020-12-09T09:14:05","guid":{"rendered":"http:\/\/intbas.com\/?page_id=750"},"modified":"2021-01-15T15:27:49","modified_gmt":"2021-01-15T14:27:49","slug":"praznilne-naprave","status":"publish","type":"page","link":"https:\/\/intbas.com\/en\/praznilne-naprave\/","title":{"rendered":"Praznilne naprave"},"content":{"rendered":"<div data-elementor-type=\"wp-post\" data-elementor-id=\"750\" class=\"elementor elementor-750\">\n\t\t\t\t\t\t<section class=\"elementor-section elementor-top-section elementor-element elementor-element-5b16d6b elementor-section-full_width elementor-section-height-default elementor-section-height-default\" data-id=\"5b16d6b\" data-element_type=\"section\">\n\t\t\t\t\t\t<div class=\"elementor-container elementor-column-gap-default\">\n\t\t\t\t\t<div class=\"elementor-column elementor-col-100 elementor-top-column elementor-element elementor-element-8c6bc0c\" data-id=\"8c6bc0c\" data-element_type=\"column\">\n\t\t\t<div class=\"elementor-widget-wrap elementor-element-populated\">\n\t\t\t\t\t\t<div class=\"elementor-element elementor-element-0bd537b elementor-widget elementor-widget-text-editor\" data-id=\"0bd537b\" data-element_type=\"widget\" data-settings=\"{&quot;_animation&quot;:&quot;none&quot;}\" data-widget_type=\"text-editor.default\">\n\t\t\t\t<div class=\"elementor-widget-container\">\n\t\t\t\t\t\t\t\t\t<p>Praznilne naprave omogo\u010dajo, da po peki izdelke nadalje usmerimo do naprave za praznjenje iz kaset, zamrzovanje, hlajenje ali pakiranje.<\/p><p>Odlika Intbas praznilnih naprav je\u00a0<strong>\u010dvrsta industrijska izvedba,<\/strong>\u00a0<strong>dolga \u017eivljenjska doba<\/strong>\u00a0ter\u00a0<strong>fleksibilnost uporabe.<\/strong>\u00a0Izdelava iz nerjave\u010dega jelka omogo\u010da pa zadovolji visoko sanitarno ustreznost.<\/p><p><strong>Naprava je lahko pomi\u010dna<\/strong>, kar uporabniku omogo\u010da praznjenje kaset, pladnjev ter raznih modelov kot tudi prosto pe\u010denih izdelkov.<\/p><p>Za upravljanje praznilne naprave naro\u010dnik lahko izbira med priznanimi in tehnolo\u0161ko dovr\u0161enimi krmilniki Allen Bradley, Siemens ali Omron. Na specifi\u010dno \u017eeljo je mo\u017ena vgradnja tudi ostale kompatibilne krmilnike.<\/p><p>Intbas praznilne naprave odlikuje\u00a0<strong>homogena industrijska izdelava izjemna vzdr\u017eljivost<\/strong>\u00a0ter dolga \u017eivljenjska doba, do kon\u010dnega naro\u010dnika naprave dostavimo \u017ee pred sestavljene kar nam omogo\u010da izredno kratek \u010das monta\u017ee. Oprema ustreza zahtevam standardov CE, UL, CUL<\/p>\t\t\t\t\t\t\t\t<\/div>\n\t\t\t\t<\/div>\n\t\t\t\t<div class=\"elementor-element elementor-element-5af8cfc elementor-widget-divider--view-line elementor-widget elementor-widget-divider\" data-id=\"5af8cfc\" data-element_type=\"widget\" data-settings=\"{&quot;_animation&quot;:&quot;none&quot;}\" data-widget_type=\"divider.default\">\n\t\t\t\t<div class=\"elementor-widget-container\">\n\t\t\t\t\t\t\t<div class=\"elementor-divider\">\n\t\t\t<span class=\"elementor-divider-separator\">\n\t\t\t\t\t\t<\/span>\n\t\t<\/div>\n\t\t\t\t\t\t<\/div>\n\t\t\t\t<\/div>\n\t\t\t\t\t<\/div>\n\t\t<\/div>\n\t\t\t\t\t<\/div>\n\t\t<\/section>\n\t\t\t\t<section class=\"elementor-section elementor-top-section elementor-element elementor-element-c632f0c elementor-section-full_width elementor-section-height-default elementor-section-height-default\" data-id=\"c632f0c\" data-element_type=\"section\">\n\t\t\t\t\t\t<div class=\"elementor-container elementor-column-gap-default\">\n\t\t\t\t\t<div class=\"elementor-column elementor-col-100 elementor-top-column elementor-element elementor-element-417029f\" data-id=\"417029f\" data-element_type=\"column\">\n\t\t\t<div class=\"elementor-widget-wrap elementor-element-populated\">\n\t\t\t\t\t\t<section class=\"elementor-section elementor-inner-section elementor-element elementor-element-56ee6ba elementor-section-full_width elementor-section-height-default elementor-section-height-default\" data-id=\"56ee6ba\" data-element_type=\"section\">\n\t\t\t\t\t\t<div class=\"elementor-container elementor-column-gap-default\">\n\t\t\t\t\t<div class=\"elementor-column elementor-col-50 elementor-inner-column elementor-element elementor-element-f96375c\" data-id=\"f96375c\" data-element_type=\"column\">\n\t\t\t<div class=\"elementor-widget-wrap elementor-element-populated\">\n\t\t\t\t\t\t<div class=\"elementor-element elementor-element-1142eb2 elementor-widget elementor-widget-image\" data-id=\"1142eb2\" data-element_type=\"widget\" data-widget_type=\"image.default\">\n\t\t\t\t<div class=\"elementor-widget-container\">\n\t\t\t\t\t\t\t\t\t\t\t\t\t\t\t<img fetchpriority=\"high\" decoding=\"async\" width=\"600\" height=\"596\" src=\"https:\/\/intbas.com\/wp-content\/uploads\/2020\/12\/Avtomatski-praznilnik-1b-1024x1018-600x596.jpg\" class=\"attachment-600 size-600 wp-image-743\" alt=\"\" srcset=\"https:\/\/intbas.com\/wp-content\/uploads\/2020\/12\/Avtomatski-praznilnik-1b-1024x1018-66x66.jpg 66w, https:\/\/intbas.com\/wp-content\/uploads\/2020\/12\/Avtomatski-praznilnik-1b-1024x1018-150x150.jpg 150w, https:\/\/intbas.com\/wp-content\/uploads\/2020\/12\/Avtomatski-praznilnik-1b-1024x1018-200x199.jpg 200w, https:\/\/intbas.com\/wp-content\/uploads\/2020\/12\/Avtomatski-praznilnik-1b-1024x1018-300x298.jpg 300w, https:\/\/intbas.com\/wp-content\/uploads\/2020\/12\/Avtomatski-praznilnik-1b-1024x1018-400x398.jpg 400w, https:\/\/intbas.com\/wp-content\/uploads\/2020\/12\/Avtomatski-praznilnik-1b-1024x1018-600x596.jpg 600w, https:\/\/intbas.com\/wp-content\/uploads\/2020\/12\/Avtomatski-praznilnik-1b-1024x1018-768x764.jpg 768w, https:\/\/intbas.com\/wp-content\/uploads\/2020\/12\/Avtomatski-praznilnik-1b-1024x1018-800x795.jpg 800w, https:\/\/intbas.com\/wp-content\/uploads\/2020\/12\/Avtomatski-praznilnik-1b-1024x1018.jpg 1024w\" sizes=\"(max-width: 600px) 100vw, 600px\" \/>\t\t\t\t\t\t\t\t\t\t\t\t\t\t\t<\/div>\n\t\t\t\t<\/div>\n\t\t\t\t\t<\/div>\n\t\t<\/div>\n\t\t\t\t<div class=\"elementor-column elementor-col-50 elementor-inner-column elementor-element elementor-element-7d55a39\" data-id=\"7d55a39\" data-element_type=\"column\">\n\t\t\t<div class=\"elementor-widget-wrap elementor-element-populated\">\n\t\t\t\t\t\t<div class=\"elementor-element elementor-element-6b40343 elementor-invisible elementor-widget elementor-widget-heading\" data-id=\"6b40343\" data-element_type=\"widget\" data-settings=\"{&quot;_animation&quot;:&quot;fadeIn&quot;}\" data-widget_type=\"heading.default\">\n\t\t\t\t<div class=\"elementor-widget-container\">\n\t\t\t\t\t<h2 class=\"elementor-heading-title elementor-size-default\">Praznilna naprava za kasete, pladnje ter razne modele (transportne enote)<\/h2>\t\t\t\t<\/div>\n\t\t\t\t<\/div>\n\t\t\t\t<div class=\"elementor-element elementor-element-b7c0e6e elementor-invisible elementor-widget elementor-widget-text-editor\" data-id=\"b7c0e6e\" data-element_type=\"widget\" data-settings=\"{&quot;_animation&quot;:&quot;fadeIn&quot;}\" data-widget_type=\"text-editor.default\">\n\t\t\t\t<div class=\"elementor-widget-container\">\n\t\t\t\t\t\t\t\t\t<p>Z prihodom izdelkov iz pe\u010di se na zbirnem transporterju akumulira zadostno \u0161tevilo izdelkov, kjer jih preko kotnega ali krivinskega transporterja usmerimo v nadaljnjo proizvodnjo v pekarni. Transportni trakovi so v tem primeru kovinski,\u00a0<strong>odporni na visoke temperature ter obrabo.\u00a0<\/strong>\u0160irina transportnega traku se dolo\u010di glede na izdelke naro\u010dnika v primeru razli\u010dnih \u0161irin in oblik transportnih enot lahko \u0161irino transporterja prilagajamo z ustreznimi vodili, ki so lahko na zahtevo naro\u010dnika avtomatsko prilagodljiva na izbran izdelek.<\/p>\t\t\t\t\t\t\t\t<\/div>\n\t\t\t\t<\/div>\n\t\t\t\t\t<\/div>\n\t\t<\/div>\n\t\t\t\t\t<\/div>\n\t\t<\/section>\n\t\t\t\t<div class=\"elementor-element elementor-element-07f0dc0 elementor-widget-divider--view-line elementor-widget elementor-widget-divider\" data-id=\"07f0dc0\" data-element_type=\"widget\" data-widget_type=\"divider.default\">\n\t\t\t\t<div class=\"elementor-widget-container\">\n\t\t\t\t\t\t\t<div class=\"elementor-divider\">\n\t\t\t<span class=\"elementor-divider-separator\">\n\t\t\t\t\t\t<\/span>\n\t\t<\/div>\n\t\t\t\t\t\t<\/div>\n\t\t\t\t<\/div>\n\t\t\t\t\t<\/div>\n\t\t<\/div>\n\t\t\t\t\t<\/div>\n\t\t<\/section>\n\t\t\t\t<section class=\"elementor-section elementor-top-section elementor-element elementor-element-25e5cbc elementor-section-full_width elementor-section-height-default elementor-section-height-default\" data-id=\"25e5cbc\" data-element_type=\"section\">\n\t\t\t\t\t\t<div class=\"elementor-container elementor-column-gap-default\">\n\t\t\t\t\t<div class=\"elementor-column elementor-col-100 elementor-top-column elementor-element elementor-element-3cd8c1b\" data-id=\"3cd8c1b\" data-element_type=\"column\">\n\t\t\t<div class=\"elementor-widget-wrap elementor-element-populated\">\n\t\t\t\t\t\t<section class=\"elementor-section elementor-inner-section elementor-element elementor-element-f47e4dc elementor-section-boxed elementor-section-height-default elementor-section-height-default\" data-id=\"f47e4dc\" data-element_type=\"section\">\n\t\t\t\t\t\t<div class=\"elementor-container elementor-column-gap-default\">\n\t\t\t\t\t<div class=\"elementor-column elementor-col-50 elementor-inner-column elementor-element elementor-element-6500988\" data-id=\"6500988\" data-element_type=\"column\">\n\t\t\t<div class=\"elementor-widget-wrap elementor-element-populated\">\n\t\t\t\t\t\t<div class=\"elementor-element elementor-element-5f0d5b7 elementor-widget elementor-widget-heading\" data-id=\"5f0d5b7\" data-element_type=\"widget\" data-widget_type=\"heading.default\">\n\t\t\t\t<div class=\"elementor-widget-container\">\n\t\t\t\t\t<h2 class=\"elementor-heading-title elementor-size-default\">Praznilna naprava za prosto pe\u010dene izdelke<\/h2>\t\t\t\t<\/div>\n\t\t\t\t<\/div>\n\t\t\t\t<div class=\"elementor-element elementor-element-2fb6dd2 elementor-widget elementor-widget-text-editor\" data-id=\"2fb6dd2\" data-element_type=\"widget\" data-widget_type=\"text-editor.default\">\n\t\t\t\t<div class=\"elementor-widget-container\">\n\t\t\t\t\t\t\t\t\t<p>Ob izstopu iz pe\u010di se prosto pe\u010deni izdelki preko nagibne rampe enakomerno porazdelijo po transporterju kar\u00a0<strong>omogo\u010da enakomerno hlajenje izdelka<\/strong>\u00a0med transportiranjem. Transportni trak za transport in zbiranje izdelkov je modularen PVC\u00a0<strong>odporen na olja, ma\u0161\u010dobo ter plesni<\/strong>\u00a0in izpolnjuje EU in FDA standarde za podro\u010dje prehrane.<\/p>\t\t\t\t\t\t\t\t<\/div>\n\t\t\t\t<\/div>\n\t\t\t\t\t<\/div>\n\t\t<\/div>\n\t\t\t\t<div class=\"elementor-column elementor-col-50 elementor-inner-column elementor-element elementor-element-39604f5\" data-id=\"39604f5\" data-element_type=\"column\">\n\t\t\t<div class=\"elementor-widget-wrap elementor-element-populated\">\n\t\t\t\t\t\t<div class=\"elementor-element elementor-element-455c323 elementor-widget elementor-widget-image\" data-id=\"455c323\" data-element_type=\"widget\" data-widget_type=\"image.default\">\n\t\t\t\t<div class=\"elementor-widget-container\">\n\t\t\t\t\t\t\t\t\t\t\t\t\t\t\t<img decoding=\"async\" width=\"1024\" height=\"565\" src=\"https:\/\/intbas.com\/wp-content\/uploads\/2020\/12\/Praznilni-transporter-1e-1024x565-1024x565.jpg\" class=\"attachment-large size-large wp-image-745\" alt=\"\" srcset=\"https:\/\/intbas.com\/wp-content\/uploads\/2020\/12\/Praznilni-transporter-1e-1024x565-200x110.jpg 200w, https:\/\/intbas.com\/wp-content\/uploads\/2020\/12\/Praznilni-transporter-1e-1024x565-300x166.jpg 300w, https:\/\/intbas.com\/wp-content\/uploads\/2020\/12\/Praznilni-transporter-1e-1024x565-400x221.jpg 400w, https:\/\/intbas.com\/wp-content\/uploads\/2020\/12\/Praznilni-transporter-1e-1024x565-600x331.jpg 600w, https:\/\/intbas.com\/wp-content\/uploads\/2020\/12\/Praznilni-transporter-1e-1024x565-768x424.jpg 768w, https:\/\/intbas.com\/wp-content\/uploads\/2020\/12\/Praznilni-transporter-1e-1024x565-800x441.jpg 800w, https:\/\/intbas.com\/wp-content\/uploads\/2020\/12\/Praznilni-transporter-1e-1024x565.jpg 1024w\" sizes=\"(max-width: 1024px) 100vw, 1024px\" \/>\t\t\t\t\t\t\t\t\t\t\t\t\t\t\t<\/div>\n\t\t\t\t<\/div>\n\t\t\t\t\t<\/div>\n\t\t<\/div>\n\t\t\t\t\t<\/div>\n\t\t<\/section>\n\t\t\t\t<div class=\"elementor-element elementor-element-317fe82 elementor-widget-divider--view-line elementor-widget elementor-widget-divider\" data-id=\"317fe82\" data-element_type=\"widget\" data-widget_type=\"divider.default\">\n\t\t\t\t<div class=\"elementor-widget-container\">\n\t\t\t\t\t\t\t<div class=\"elementor-divider\">\n\t\t\t<span class=\"elementor-divider-separator\">\n\t\t\t\t\t\t<\/span>\n\t\t<\/div>\n\t\t\t\t\t\t<\/div>\n\t\t\t\t<\/div>\n\t\t\t\t\t<\/div>\n\t\t<\/div>\n\t\t\t\t\t<\/div>\n\t\t<\/section>\n\t\t\t\t<\/div>","protected":false},"excerpt":{"rendered":"<p>Praznilne naprave omogo\u010dajo, da po peki izdelke nadalje usmerimo do [&hellip;]<\/p>","protected":false},"author":1,"featured_media":0,"parent":0,"menu_order":0,"comment_status":"closed","ping_status":"closed","template":"","meta":{"footnotes":""},"class_list":["post-750","page","type-page","status-publish","hentry"],"yoast_head":"<!-- This site is optimized with the Yoast SEO plugin v26.7 - https:\/\/yoast.com\/wordpress\/plugins\/seo\/ -->\n<title>Praznilne naprave - IntBas<\/title>\n<meta name=\"robots\" content=\"index, follow, max-snippet:-1, max-image-preview:large, max-video-preview:-1\" \/>\n<link rel=\"canonical\" href=\"https:\/\/intbas.com\/en\/praznilne-naprave\/\" \/>\n<meta property=\"og:locale\" content=\"en_GB\" \/>\n<meta property=\"og:type\" content=\"article\" \/>\n<meta property=\"og:title\" content=\"Praznilne naprave - IntBas\" \/>\n<meta property=\"og:description\" content=\"Praznilne naprave omogo\u010dajo, da po peki izdelke nadalje usmerimo do [&hellip;]\" \/>\n<meta property=\"og:url\" content=\"https:\/\/intbas.com\/en\/praznilne-naprave\/\" \/>\n<meta property=\"og:site_name\" content=\"IntBas\" \/>\n<meta property=\"article:modified_time\" content=\"2021-01-15T14:27:49+00:00\" \/>\n<meta property=\"og:image\" content=\"http:\/\/intbas.com\/wp-content\/uploads\/2020\/12\/Avtomatski-praznilnik-1b-1024x1018-600x596.jpg\" \/>\n<meta name=\"twitter:card\" content=\"summary_large_image\" \/>\n<meta name=\"twitter:label1\" content=\"Estimated reading time\" \/>\n\t<meta name=\"twitter:data1\" content=\"1 minute\" \/>\n<script type=\"application\/ld+json\" class=\"yoast-schema-graph\">{\"@context\":\"https:\/\/schema.org\",\"@graph\":[{\"@type\":\"WebPage\",\"@id\":\"https:\/\/intbas.com\/praznilne-naprave\/\",\"url\":\"https:\/\/intbas.com\/praznilne-naprave\/\",\"name\":\"Praznilne naprave - IntBas\",\"isPartOf\":{\"@id\":\"https:\/\/intbas.com\/#website\"},\"primaryImageOfPage\":{\"@id\":\"https:\/\/intbas.com\/praznilne-naprave\/#primaryimage\"},\"image\":{\"@id\":\"https:\/\/intbas.com\/praznilne-naprave\/#primaryimage\"},\"thumbnailUrl\":\"http:\/\/intbas.com\/wp-content\/uploads\/2020\/12\/Avtomatski-praznilnik-1b-1024x1018-600x596.jpg\",\"datePublished\":\"2020-12-09T09:14:05+00:00\",\"dateModified\":\"2021-01-15T14:27:49+00:00\",\"breadcrumb\":{\"@id\":\"https:\/\/intbas.com\/praznilne-naprave\/#breadcrumb\"},\"inLanguage\":\"sl-SI\",\"potentialAction\":[{\"@type\":\"ReadAction\",\"target\":[\"https:\/\/intbas.com\/praznilne-naprave\/\"]}]},{\"@type\":\"ImageObject\",\"inLanguage\":\"sl-SI\",\"@id\":\"https:\/\/intbas.com\/praznilne-naprave\/#primaryimage\",\"url\":\"http:\/\/intbas.com\/wp-content\/uploads\/2020\/12\/Avtomatski-praznilnik-1b-1024x1018-600x596.jpg\",\"contentUrl\":\"http:\/\/intbas.com\/wp-content\/uploads\/2020\/12\/Avtomatski-praznilnik-1b-1024x1018-600x596.jpg\"},{\"@type\":\"BreadcrumbList\",\"@id\":\"https:\/\/intbas.com\/praznilne-naprave\/#breadcrumb\",\"itemListElement\":[{\"@type\":\"ListItem\",\"position\":1,\"name\":\"Home\",\"item\":\"https:\/\/intbas.com\/?lang=en\"},{\"@type\":\"ListItem\",\"position\":2,\"name\":\"Praznilne naprave\"}]},{\"@type\":\"WebSite\",\"@id\":\"https:\/\/intbas.com\/#website\",\"url\":\"https:\/\/intbas.com\/\",\"name\":\"IntBas\",\"description\":\"Intelligence Based Systems\",\"potentialAction\":[{\"@type\":\"SearchAction\",\"target\":{\"@type\":\"EntryPoint\",\"urlTemplate\":\"https:\/\/intbas.com\/?s={search_term_string}\"},\"query-input\":{\"@type\":\"PropertyValueSpecification\",\"valueRequired\":true,\"valueName\":\"search_term_string\"}}],\"inLanguage\":\"sl-SI\"}]}<\/script>\n<!-- \/ Yoast SEO plugin. -->","yoast_head_json":{"title":"Praznilne naprave - IntBas","robots":{"index":"index","follow":"follow","max-snippet":"max-snippet:-1","max-image-preview":"max-image-preview:large","max-video-preview":"max-video-preview:-1"},"canonical":"https:\/\/intbas.com\/en\/praznilne-naprave\/","og_locale":"en_GB","og_type":"article","og_title":"Praznilne naprave - IntBas","og_description":"Praznilne naprave omogo\u010dajo, da po peki izdelke nadalje usmerimo do [&hellip;]","og_url":"https:\/\/intbas.com\/en\/praznilne-naprave\/","og_site_name":"IntBas","article_modified_time":"2021-01-15T14:27:49+00:00","og_image":[{"url":"http:\/\/intbas.com\/wp-content\/uploads\/2020\/12\/Avtomatski-praznilnik-1b-1024x1018-600x596.jpg","type":"","width":"","height":""}],"twitter_card":"summary_large_image","twitter_misc":{"Estimated reading time":"1 minute"},"schema":{"@context":"https:\/\/schema.org","@graph":[{"@type":"WebPage","@id":"https:\/\/intbas.com\/praznilne-naprave\/","url":"https:\/\/intbas.com\/praznilne-naprave\/","name":"Praznilne naprave - IntBas","isPartOf":{"@id":"https:\/\/intbas.com\/#website"},"primaryImageOfPage":{"@id":"https:\/\/intbas.com\/praznilne-naprave\/#primaryimage"},"image":{"@id":"https:\/\/intbas.com\/praznilne-naprave\/#primaryimage"},"thumbnailUrl":"http:\/\/intbas.com\/wp-content\/uploads\/2020\/12\/Avtomatski-praznilnik-1b-1024x1018-600x596.jpg","datePublished":"2020-12-09T09:14:05+00:00","dateModified":"2021-01-15T14:27:49+00:00","breadcrumb":{"@id":"https:\/\/intbas.com\/praznilne-naprave\/#breadcrumb"},"inLanguage":"sl-SI","potentialAction":[{"@type":"ReadAction","target":["https:\/\/intbas.com\/praznilne-naprave\/"]}]},{"@type":"ImageObject","inLanguage":"sl-SI","@id":"https:\/\/intbas.com\/praznilne-naprave\/#primaryimage","url":"http:\/\/intbas.com\/wp-content\/uploads\/2020\/12\/Avtomatski-praznilnik-1b-1024x1018-600x596.jpg","contentUrl":"http:\/\/intbas.com\/wp-content\/uploads\/2020\/12\/Avtomatski-praznilnik-1b-1024x1018-600x596.jpg"},{"@type":"BreadcrumbList","@id":"https:\/\/intbas.com\/praznilne-naprave\/#breadcrumb","itemListElement":[{"@type":"ListItem","position":1,"name":"Home","item":"https:\/\/intbas.com\/?lang=en"},{"@type":"ListItem","position":2,"name":"Praznilne naprave"}]},{"@type":"WebSite","@id":"https:\/\/intbas.com\/#website","url":"https:\/\/intbas.com\/","name":"IntBas","description":"Intelligence Based Systems","potentialAction":[{"@type":"SearchAction","target":{"@type":"EntryPoint","urlTemplate":"https:\/\/intbas.com\/?s={search_term_string}"},"query-input":{"@type":"PropertyValueSpecification","valueRequired":true,"valueName":"search_term_string"}}],"inLanguage":"sl-SI"}]}},"_links":{"self":[{"href":"https:\/\/intbas.com\/en\/wp-json\/wp\/v2\/pages\/750","targetHints":{"allow":["GET"]}}],"collection":[{"href":"https:\/\/intbas.com\/en\/wp-json\/wp\/v2\/pages"}],"about":[{"href":"https:\/\/intbas.com\/en\/wp-json\/wp\/v2\/types\/page"}],"author":[{"embeddable":true,"href":"https:\/\/intbas.com\/en\/wp-json\/wp\/v2\/users\/1"}],"replies":[{"embeddable":true,"href":"https:\/\/intbas.com\/en\/wp-json\/wp\/v2\/comments?post=750"}],"version-history":[{"count":16,"href":"https:\/\/intbas.com\/en\/wp-json\/wp\/v2\/pages\/750\/revisions"}],"predecessor-version":[{"id":1145,"href":"https:\/\/intbas.com\/en\/wp-json\/wp\/v2\/pages\/750\/revisions\/1145"}],"wp:attachment":[{"href":"https:\/\/intbas.com\/en\/wp-json\/wp\/v2\/media?parent=750"}],"curies":[{"name":"wp","href":"https:\/\/api.w.org\/{rel}","templated":true}]}}